{"id":4946,"date":"2014-02-04T22:13:33","date_gmt":"2014-02-05T03:13:33","guid":{"rendered":"http:\/\/tpm-institute.com\/tpm-services-2\/"},"modified":"2023-04-14T23:36:28","modified_gmt":"2023-04-15T03:36:28","slug":"unsere-dienstleistungen","status":"publish","type":"page","link":"https:\/\/www.tpm-institute.com\/de\/unsere-dienstleistungen\/","title":{"rendered":"Unsere Dienstleistungen"},"content":{"rendered":"[et_pb_section fb_built=&#8220;1&#8243; _builder_version=&#8220;4.15&#8243; hover_enabled=&#8220;0&#8243; global_colors_info=&#8220;{}&#8220; sticky_enabled=&#8220;0&#8243;][et_pb_row _builder_version=&#8220;4.15&#8243; background_size=&#8220;initial&#8220; background_position=&#8220;top_left&#8220; background_repeat=&#8220;repeat&#8220; global_colors_info=&#8220;{}&#8220;][et_pb_column type=&#8220;4_4&#8243; _builder_version=&#8220;4.15&#8243; custom_padding=&#8220;|||&#8220; global_colors_info=&#8220;{}&#8220; custom_padding__hover=&#8220;|||&#8220;][et_pb_text _builder_version=&#8220;4.15.1&#8243; background_size=&#8220;initial&#8220; background_position=&#8220;top_left&#8220; background_repeat=&#8220;repeat&#8220; hover_enabled=&#8220;0&#8243; global_colors_info=&#8220;{}&#8220; sticky_enabled=&#8220;0&#8243;]\n<p>TPM-Beratung und\u00a0instandhaltungsbezogene Beratung\u00a0sind die Hauptdienstleistungen, die das TPM Institut anbietet. Die\u00a0werkspezifische Beratung\u00a0konzentriert sich auf Instandhaltung und Produktivit\u00e4tssteigerung.\u00a0TPM-Beratung\u00a0beinhaltet eine Reihe diverser Dienstleistungen, welche sich von Schulungen f\u00fcr F\u00fchrungskr\u00e4ften, innerbetriebliche Weiterbildungen und offene Seminare, bis hin zu Betriebs\u00fcberpr\u00fcfungen, Zertifizierung verschiedener Abteilungen und die Verleihung des TPM Awards erstrecken.<\/p>\n<p style=\"font-weight: 400;\"><span>TPM Seminare (\u00f6ffentlich und innerbetrieblich, ein und zweit\u00e4gig)<\/span><\/p>\n<p style=\"font-weight: 400;\"><span>TPM Management Training (innerbetrieblich, 3-4 Stunden)<\/span><\/p>\n<p style=\"font-weight: 400;\"><span>TPM Machbarkeitssanalye (1 Tag)<\/span><\/p>\n<p style=\"font-weight: 400;\"><span>Unterst\u00fctzung w\u00e4hrend der Machbarkeitsanalyse (Beratung)<\/span><\/p>\n<p style=\"font-weight: 400;\"><span>Entwicklung der TPM-Strategie\/Ziele\/Einf\u00fchrungsplanung<\/span><\/p>\n<p style=\"font-weight: 400;\"><span>TPM Schulung f\u00fcr Meister und Vorgesetzte<\/span><\/p>\n<p style=\"font-weight: 400;\"><span>TPM Teamleiter-Schulung (1 und 2 Tage)<\/span><\/p>\n<p style=\"font-weight: 400;\"><span>TPM Trainer-Schulung und Zertifizierung<\/span><\/p>\n<p style=\"font-weight: 400;\"><span>Entwicklung eines ma\u00dfgeschneiderten Einf\u00fchrungsprogrammes<\/span><\/p>\n<p style=\"font-weight: 400;\"><span>Beraterunterst\u00fctzung w\u00e4hrend der TPM Einf\u00fchrung<\/span><\/p>\n<p style=\"font-weight: 400;\"><span>EDV Systemplanung der CMMS Einf\u00fchrung<\/span><\/p>\n<p style=\"font-weight: 400;\"><span>TPM Audits und Zertifizierung<\/span><\/p>\n<p style=\"font-weight: 400;\"><span>Werksaudit (Anlagen und Instandhaltung) vor einer TPM Einf\u00fchrung<\/span><\/p>\n<p style=\"font-weight: 400;\"><span>Unterst\u00fctzung bei der Vertragsplanung f\u00fcr gewerkschaftlich organisierte Betriebe<\/span><\/p>\n<p style=\"text-align: justify;\"><div class=\"info-box info-green last-column no-margin\"><div class=\"info-box-inner\"><p>Sollten Sie Fragen zu unseren TPM Dienstleistungen haben, stehen wir Ihnen jederzeit gerne zur Verf\u00fcgung!<\/p><\/div><\/div>\n[\/et_pb_text][\/et_pb_column][\/et_pb_row][\/et_pb_section]\n","protected":false},"excerpt":{"rendered":"<p>TPM-Beratung&#8230;<\/p>\n","protected":false},"author":2,"featured_media":0,"parent":0,"menu_order":0,"comment_status":"closed","ping_status":"closed","template":"","meta":{"_et_pb_use_builder":"on","_et_pb_old_content":"<p style=\"text-align: justify;\"><span style=\"font-family: helvetica; font-size: small;\">TPM Consulting &amp; Maintenance Based Consulting are the major services offered by TPM Institute. Maintenance Based Consulting focuses on maintenance &amp; productivity improvement. TPM Consulting includes an array of services from management training, in-house and open seminars, to audits, custom installations, certification of departments, and the granting of TPM AWARD certification to qualifying candidates.&nbsp;<\/span><\/p>\n<p style=\"text-align: justify;\">[infobox last_column=\"true\" bottom_margin=\"false\" closable=\"false\" color=\"green\"]If you have questions about our TPM services, please feel free to contact us directly.[\/infobox]<\/p>\n<script><br \/>\n  (function(i,s,o,g,r,a,m){i['GoogleAnalyticsObject']=r;i[r]=i[r]||function(){<br \/>\n  (i[r].q=i[r].q||[]).push(arguments)},i[r].l=1*new Date();a=s.createElement(o),<br \/>\n  m=s.getElementsByTagName(o)[0];a.async=1;a.src=g;m.parentNode.insertBefore(a,m)<br \/>\n  })(window,document,'script','\/\/www.google-analytics.com\/analytics.js','ga');<\/p>\n<p>  ga('create', 'UA-56568235-1', 'auto');<br \/>\n  ga('send', 'pageview');<\/p>\n<p><\/script>","_et_gb_content_width":""},"_links":{"self":[{"href":"https:\/\/www.tpm-institute.com\/de\/wp-json\/wp\/v2\/pages\/4946"}],"collection":[{"href":"https:\/\/www.tpm-institute.com\/de\/wp-json\/wp\/v2\/pages"}],"about":[{"href":"https:\/\/www.tpm-institute.com\/de\/wp-json\/wp\/v2\/types\/page"}],"author":[{"embeddable":true,"href":"https:\/\/www.tpm-institute.com\/de\/wp-json\/wp\/v2\/users\/2"}],"replies":[{"embeddable":true,"href":"https:\/\/www.tpm-institute.com\/de\/wp-json\/wp\/v2\/comments?post=4946"}],"version-history":[{"count":18,"href":"https:\/\/www.tpm-institute.com\/de\/wp-json\/wp\/v2\/pages\/4946\/revisions"}],"predecessor-version":[{"id":62114,"href":"https:\/\/www.tpm-institute.com\/de\/wp-json\/wp\/v2\/pages\/4946\/revisions\/62114"}],"wp:attachment":[{"href":"https:\/\/www.tpm-institute.com\/de\/wp-json\/wp\/v2\/media?parent=4946"}],"curies":[{"name":"wp","href":"https:\/\/api.w.org\/{rel}","templated":true}]}}