{"id":4954,"date":"2014-02-04T22:14:56","date_gmt":"2014-02-05T03:14:56","guid":{"rendered":"http:\/\/tpm-institute.com\/tpm-services-de\/maintenance-services\/"},"modified":"2015-03-05T15:09:58","modified_gmt":"2015-03-05T20:09:58","slug":"maint-services-de","status":"publish","type":"page","link":"https:\/\/www.tpm-institute.com\/de\/unsere-dienstleistungen\/maint-services-de\/","title":{"rendered":"Unsere Wartungsservice"},"content":{"rendered":"<address><span style=\"font-family: helvetica; line-height: 1.5em; font-size: small;\">Instandhaltungs-Management Seminar (\u00f6ffentlich und innerbetrieblich, eint\u00e4gig)<\/span><br \/>\n<span style=\"font-family: helvetica; line-height: 1.5em; font-size: small;\">Instandhaltungs-Audit (Funktionen, Produktivit\u00e4t, Verbesserungspotential)<\/span><br \/>\n<span style=\"font-family: helvetica; line-height: 1.5em; font-size: small;\">PM\/PDM (Vorbeugende und vorausschauende IH) Seminar (\u00f6ffentlich und innerbetrieblich, 2 Tage)<\/span><br \/>\n<span style=\"font-family: helvetica; line-height: 1.5em; font-size: small;\">PM\/PDM Program-Entwicklung und Einf\u00fchrung (Beratung)<\/span><br \/>\n<span style=\"font-size: small;\"><span style=\"font-family: helvetica; line-height: 1.5em;\">Entwicklung von Instandhaltungs-Management-<\/span><wbr style=\"font-family: helvetica; line-height: 1.5em;\" \/><span style=\"font-family: helvetica; line-height: 1.5em;\">Systemen<\/span><\/span><br \/>\n<span style=\"font-family: helvetica; line-height: 1.5em; font-size: small;\">Voll geplante Instandhaltung, PM, PDM &amp; TPM Programme<\/span><br \/>\n<span style=\"font-family: helvetica; line-height: 1.5em; font-size: small;\">Entwicklung und Installation (Beratung)<\/span><\/address>\n<div>\n<p class=\"prestyled\"><div class=\"info-box info-green last-column no-margin\"><div class=\"info-box-inner\"><p>Sollten Sie Fragen zu unseren TPM Dienstleistungen haben, stehen wir Ihnen jederzeit gerne zur Verf\u00fcgung<\/p><\/div><\/div>\n<\/div>\n","protected":false},"excerpt":{"rendered":"<p>Instandhaltungs-Management Seminar (\u00f6ffentlich und innerbetrieblich, eint\u00e4gig) Instandhaltungs-Audit (Funktionen, Produktivit\u00e4t, Verbesserungspotential) PM\/PDM (Vorbeugende und vorausschauende IH) Seminar (\u00f6ffentlich und innerbetrieblich, 2 Tage) PM\/PDM Program-Entwicklung und Einf\u00fchrung (Beratung) Entwicklung von Instandhaltungs-Management-Systemen Voll geplante Instandhaltung, PM, PDM &amp; TPM Programme Entwicklung und Installation [&hellip;]<\/p>\n","protected":false},"author":2,"featured_media":0,"parent":4946,"menu_order":3,"comment_status":"closed","ping_status":"closed","template":"page-blog.php","meta":{"_et_pb_use_builder":"","_et_pb_old_content":"","_et_gb_content_width":""},"_links":{"self":[{"href":"https:\/\/www.tpm-institute.com\/de\/wp-json\/wp\/v2\/pages\/4954"}],"collection":[{"href":"https:\/\/www.tpm-institute.com\/de\/wp-json\/wp\/v2\/pages"}],"about":[{"href":"https:\/\/www.tpm-institute.com\/de\/wp-json\/wp\/v2\/types\/page"}],"author":[{"embeddable":true,"href":"https:\/\/www.tpm-institute.com\/de\/wp-json\/wp\/v2\/users\/2"}],"replies":[{"embeddable":true,"href":"https:\/\/www.tpm-institute.com\/de\/wp-json\/wp\/v2\/comments?post=4954"}],"version-history":[{"count":16,"href":"https:\/\/www.tpm-institute.com\/de\/wp-json\/wp\/v2\/pages\/4954\/revisions"}],"predecessor-version":[{"id":5763,"href":"https:\/\/www.tpm-institute.com\/de\/wp-json\/wp\/v2\/pages\/4954\/revisions\/5763"}],"up":[{"embeddable":true,"href":"https:\/\/www.tpm-institute.com\/de\/wp-json\/wp\/v2\/pages\/4946"}],"wp:attachment":[{"href":"https:\/\/www.tpm-institute.com\/de\/wp-json\/wp\/v2\/media?parent=4954"}],"curies":[{"name":"wp","href":"https:\/\/api.w.org\/{rel}","templated":true}]}}