{"id":5023,"date":"2013-12-23T08:35:10","date_gmt":"2013-12-23T13:35:10","guid":{"rendered":"http:\/\/tpm-institute.com\/seminar-2014-2\/"},"modified":"2023-04-14T23:44:16","modified_gmt":"2023-04-15T03:44:16","slug":"seminare-de","status":"publish","type":"page","link":"https:\/\/www.tpm-institute.com\/de\/seminare-de\/","title":{"rendered":"Seminare"},"content":{"rendered":"<p><span style=\"font-family: helvetica; font-size: 12pt;\">Seminare und innerbetriebliche Weiterbildungskurse unter der Hartmann Methode bestehen seit 1990 und wurden von \u00fcber 12.000 leitenden Angestellten, Ingenieuren, Fachkr\u00e4ften und professionellen Mitarbeitern besucht. Unsere mehrsprachigen Fachberater leiten seit 1998 TPM und PM\/PDM (pr\u00e4ventive\/pr\u00e4diktive Instanthaltung) Seminare und haben Instandhaltungsmanagement und TPM f\u00fcr \u00fcber 30 Jahre in \u00fcber 35 L\u00e4ndern weltweit erfolgreich implementiert und durchgef\u00fchrt. Seit 1969 sind wir die f\u00fchrenden Spezialisten in Gebieten der Instandhaltung und Produktivit\u00e4tssteigerung. Bitte machen Sie von unseren Registrierungsformularen gebrauch und kontaktieren Sie uns jederzeit bei weiteren Fragen.<\/span><\/p>\n<div class=\"su-spacer\" style=\"height:25px\"><\/div>\n<p style=\"text-align: left;\"><div class=\"section clearfix\"><div class=\"info-box info-blue col-4\"><div class=\"info-box-inner\"><p>\n<p style=\"text-align: center;\"><span style=\"font-family: helvetica; color: #333333;\"><strong><br \/>\nTPM Seminare<\/strong><\/span><\/p>\n<p style=\"text-align: center;\"><span style=\"font-family: helvetica; font-size: 10pt;\">\u00a0<\/span><\/p>\n<\/p><\/div><\/div>\n<div class=\"col-6 last-column no-margin\">\n<p style=\"text-align: justify;\"><span style=\"font-family: helvetica; font-size: 12pt;\">Dieser Kurs offeriert tiefgehende Kenntnisse zu TPM M\u00f6glichkeiten, Managementstrategien zur Infrastruktur und Schritt-f\u00fcr-Schritt Anleitungen f\u00fcr Programmeinf\u00fchrungen.<\/span><\/p>\n<p style=\"text-align: right;\"><a href=\"https:\/\/www.tpm-institute.com\/de\/unsere-dienstleistungen\/\" class=\"button btn-normal btn-orange\">Mehr Informationen<\/a><\/div> <\/div>\n<p style=\"text-align: right;\">\n<p style=\"text-align: left;\"><div class=\"section clearfix\"><div class=\"info-box info-blue col-4\"><div class=\"info-box-inner\"><p>\n<p style=\"text-align: center;\"><span style=\"font-family: helvetica; color: #333333;\"><strong>TPM Award &amp; TPM Fabrik des Jahres<br \/>\n<\/strong><\/span><\/p>\n<p style=\"text-align: center;\">\n<\/p><\/div><\/div>\n<div class=\"col-6 last-column no-margin\">\n<p style=\"text-align: right;\"><a href=\"https:\/\/www.tpm-institute.com\/de\/tpm-awards\/\" class=\"button btn-normal btn-orange\">Mehr Informationen<\/a><\/div><\/div>\n<p style=\"text-align: right;\">\n<p style=\"text-align: right;\">\n<div class=\"section clearfix\"><div class=\"col-9 last-column no-margin\"><\/div><div class=\"info-box info-green col-9 last-column\"><div class=\"info-box-inner\"><p>\n<p style=\"text-align: justify;\"><span style=\"font-family: helvetica; font-size: small;\">Seminare in Deutschland und der Schweiz werden in deutscher Sprache gehalten und beinhalten Kursmaterial auf Deutsch. Die Kursmaterialien beinhalten generell eine umfassende Schulungsanleitung und ein Exemplar des Buches, \u201cEffiziente Instandhaltung und Maschinenmanagement\u201d von Herrn Hartmann. Dieses Buch ist auch auf Englisch erh\u00e4ltlich, Titel: \u201eSuccessfully Installing TPM in a Non Japanese Plant\u201c.<\/span><\/p>\n<\/p><\/div><\/div><\/div>\n","protected":false},"excerpt":{"rendered":"<p>Seminare und innerbetriebliche Weiterbildungskurse unter der Hartmann Methode bestehen seit 1990 und wurden von \u00fcber 12.000 leitenden Angestellten, Ingenieuren, Fachkr\u00e4ften und professionellen Mitarbeitern besucht. Unsere mehrsprachigen Fachberater leiten seit 1998 TPM und PM\/PDM (pr\u00e4ventive\/pr\u00e4diktive Instanthaltung) Seminare und haben Instandhaltungsmanagement und [&hellip;]<\/p>\n","protected":false},"author":2,"featured_media":4875,"parent":0,"menu_order":0,"comment_status":"closed","ping_status":"closed","template":"","meta":{"_et_pb_use_builder":"off","_et_pb_old_content":"","_et_gb_content_width":""},"_links":{"self":[{"href":"https:\/\/www.tpm-institute.com\/de\/wp-json\/wp\/v2\/pages\/5023"}],"collection":[{"href":"https:\/\/www.tpm-institute.com\/de\/wp-json\/wp\/v2\/pages"}],"about":[{"href":"https:\/\/www.tpm-institute.com\/de\/wp-json\/wp\/v2\/types\/page"}],"author":[{"embeddable":true,"href":"https:\/\/www.tpm-institute.com\/de\/wp-json\/wp\/v2\/users\/2"}],"replies":[{"embeddable":true,"href":"https:\/\/www.tpm-institute.com\/de\/wp-json\/wp\/v2\/comments?post=5023"}],"version-history":[{"count":87,"href":"https:\/\/www.tpm-institute.com\/de\/wp-json\/wp\/v2\/pages\/5023\/revisions"}],"predecessor-version":[{"id":62117,"href":"https:\/\/www.tpm-institute.com\/de\/wp-json\/wp\/v2\/pages\/5023\/revisions\/62117"}],"wp:featuredmedia":[{"embeddable":true,"href":"https:\/\/www.tpm-institute.com\/de\/wp-json\/wp\/v2\/media\/4875"}],"wp:attachment":[{"href":"https:\/\/www.tpm-institute.com\/de\/wp-json\/wp\/v2\/media?parent=5023"}],"curies":[{"name":"wp","href":"https:\/\/api.w.org\/{rel}","templated":true}]}}