{"id":5153,"date":"2013-09-01T22:42:52","date_gmt":"2013-09-02T02:42:52","guid":{"rendered":"http:\/\/tpm-institute.com\/tpm-press-2\/"},"modified":"2018-08-30T19:48:57","modified_gmt":"2018-08-30T23:48:57","slug":"tpm-press-de","status":"publish","type":"page","link":"https:\/\/www.tpm-institute.com\/de\/tpm-press-de\/","title":{"rendered":"TPM Press"},"content":{"rendered":"<div class=\"section clearfix\">\u00a0<div class=\"col-4 no-margin\">\n<p><span style=\"font-family: helvetica; font-size: small;\"><a href=\"http:\/\/tpm-institute.com\/wp-content\/uploads\/2013\/12\/EdwardHartmann_Founder-e1390424675825.jpg\"><img loading=\"lazy\" class=\"size-full wp-image-18 alignleft\" src=\"http:\/\/tpm-institute.com\/wp-content\/uploads\/2013\/12\/EdwardHartmann_Founder-e1390424675825.jpg\" alt=\"Edward Hartmann International TPM Institute Founder\" width=\"174\" height=\"214\" \/><\/a><\/span><\/p>\n<\/div>\n<div class=\"col-4 last-column\">\n<p style=\"text-align: justify;\"><span style=\"font-size: 10pt; font-family: helvetica;\">Hier finden Sie B\u00fccher, Videos und Schulungsunterlagen in verschiedenen Sprachen die Ihnen bei der Implementierung und Weiterf\u00fchrung des von Edward H. Hartmann entwickelten TPM-Konzepts stets zur Seite stehen. Unsere Hilfsmittel sind in einer einfachen und klar verst\u00e4ndlichen Sprache verfasst.<\/span><\/p>\n<p style=\"text-align: justify;\"><span style=\"font-family: helvetica; font-size: 10pt;\">Zudem hat TPM Press mindestens 10 unterschiedliche Arten von Schulungsleitfaden und mehr als 1,8 Millionen Seiten Schulungsmaterialien gedruckt und geliefert. Diese Leitfaden werden aktuell speziell f\u00fcr unsere Schulungs- und Installationskunden sowie auch unsere Seminarteilnehmer entworfen. Obwohl diese hier nicht zum Verkauf stehen, sind sie ein grosser Teil von TPM Press und der Wissensgrundlage des Internationalen TPM Instituts.<\/span><\/p>\n<p style=\"text-align: justify;\"><span style=\"font-family: helvetica; font-size: 10pt;\">Unten aufgef\u00fchrte Materialien k\u00f6nnen per Paypal, EC-Karte (Deutschland) oder Bank\u00fcberweisung (*Optionen k\u00f6nnen je nach Land variieren) bezahlt werden. Preise sind in US $ aufgef\u00fchrt, und ungef\u00e4hre Lieferungskosten werden beim Checkout addiert.<\/span><\/p>\n<p style=\"text-align: justify;\"><span style=\"font-family: helvetica; font-size: 10pt;\">Wenn Sie uns mit Fragen oder Kommentaren kontaktieren wollen, oder eine der unten aufgef\u00fchrten Publikationen bei TPM Press (auch in grossen Mengen) bestellen m\u00f6chten, klicken Sie bitte auf die Schaltfl\u00e4che unterhalb, um Ihre Bestellung (*Mit Au\u00dfnahme der deutschen Edition, die durch<\/span>\u00a0<a href=\"http:\/\/www.vahlen.de\/productview.aspx?product=12000194\" class=\"button btn-small btn-grey\">Vahlen.de<\/a>\u00a0<span style=\"font-family: helvetica; font-size: 10pt;\">vertrieben wird) zu vervollst\u00e4ndigen, oder senden Sie uns eine Nachricht per E-Mail<\/span>:<\/p>\n<a href=\"http:\/\/tpm-institute.us7.list-manage.com\/subscribe?u=189d1b1a8e110532d191b3c10&amp;id=7c51792578\" class=\"button btn-Large btn-orange\">Hier erhalten Sie zus\u00e4tliche Information<\/a>\u00a0\u2028<\/div>\u00a0<\/div>\n<div class=\"section clearfix\">\n<div class=\"separator\"><\/div>\n<p><span style=\"font-family: helvetica; font-size: medium;\"><span style=\"color: #000000;\"><strong style=\"font-size: medium; line-height: 1.5em;\">TPM Press <b>B\u00fccher und Videos<\/b><\/strong><\/span><\/span><span style=\"font-family: helvetica; font-size: small;\">\u00a0<div class=\"col-4\"> <div class=\"spacer\" style=\"height:12px;\"><\/div> <span style=\"line-height: 1.5em;\"><a href=\"http:\/\/tpm-institute.com\/wp-content\/uploads\/2014\/02\/BookImage1_InstallingTPM_Full.jpg\"><img loading=\"lazy\" class=\" wp-image-3638 alignleft\" src=\"http:\/\/tpm-institute.com\/wp-content\/uploads\/2014\/02\/BookImage1_InstallingTPM_Full.jpg\" alt=\"BookImage1_InstallingTPM_Full\" width=\"180\" height=\"270\" \/><\/a><\/div><\/span><\/span><\/p>\n<p style=\"text-align: justify;\"><div class=\"col-4 last-column no-margin\">\n<p style=\"text-align: justify;\"><span style=\"font-family: helvetica; font-size: small;\"><em><span style=\"color: #000000;\"><b>Successfully Installing TPM in a non-Japanese Plant<\/b> <\/span><\/em>by Edward H. Hartmann (English, 2000, hardcover).\u00a0Als Bestseller in den USA, Deutschland, und Lateinamerika, dies ist das erste Buch \u00fcber TPM dass von einem nicht-japanischen Autor f\u00fcr das westliche Publikum geschrieben wurde.\u00a0 Das Buch hat sich den Status einer \u201eBibel\u201c f\u00fcr erfolgreiche \u201ewestliche\u201c TPM Implementierungen in Deutschland, USA und Lateinamerika entwickelt (*mit Au\u00dfnahme der deutschen Edition, die\u00a0 durch Vahlden.de verkauft wird).<\/span><\/p>\n<address><span style=\"font-family: helvetica; font-size: small;\"><b><i>Gebundene Ausgabe \/ Hardcover:\u00a0<\/i><\/b><i>221 pages<\/i><i><\/i><\/span><\/address>\n<address><span style=\"font-family: helvetica; font-size: small;\"><b><i>Herausgeber: <\/i><\/b><i>TPM Press, Inc. (December 1992, 2000)<\/i><i><\/i><\/span><\/address>\n<address><span style=\"font-family: helvetica; font-size: small;\"><b><i>ISBN-10: <\/i><\/b><i>1882258002<\/i><i><\/i><\/span><\/address>\n<address><span style=\"font-family: helvetica; font-size: small;\"><b><i>ISBN-13:<\/i><\/b><i> 978-1882258000<\/i><i><\/i><\/span><\/address>\n<address><span style=\"font-family: helvetica; font-size: small;\"><b><i>Produkt-Ma\u00dfe: <\/i><\/b><i>6,5 x 9,5 cm,<\/i><b><i> Gewicht: <\/i><\/b><i>1,2 pfd<\/i><i><\/i><\/span><\/address>\n<address><span style=\"font-family: helvetica; font-size: small;\"><b><i>Englischer Preis (gebundenes Buch): <\/i><\/b><i>USD<\/i><i>\u00a049,99<\/i><\/span><\/address>\n<address><span style=\"font-family: helvetica; font-size: small;\"><b><i>Spanischer Preis (softcover Buch): <\/i><\/b><i>USD 59.99<\/i><b><i>\u00a0<\/i><\/b><\/span><\/address>\n<address>\u00a0<\/address>\n<form action=\"https:\/\/www.paypal.com\/cgi-bin\/webscr\" method=\"post\" target=\"paypal\"><input name=\"cmd\" type=\"hidden\" value=\"_s-xclick\" \/><br \/>\n<input name=\"hosted_button_id\" type=\"hidden\" value=\"FSR8CPU757668\" \/><\/p>\n<table>\n<tbody>\n<tr>\n<td><input name=\"on0\" type=\"hidden\" value=\"W\u00e4hlen Sie Ihre Sprache\" \/>W\u00e4hlen Sie Ihre Sprache<\/td>\n<\/tr>\n<tr>\n<td><select name=\"os0\"><option value=\"Englisch, Gebundene Ausgabe\">Englisch, Gebundene Ausgabe $49.99 USD<\/option><option value=\"Spanisch, Softcover Buch\">Spanisch, Softcover Buch $59.99 USD<\/option><\/select><\/td>\n<\/tr>\n<\/tbody>\n<\/table>\n<p><input name=\"currency_code\" type=\"hidden\" value=\"USD\" \/><br \/>\n<input alt=\"PayPal - The safer, easier way to pay online!\" name=\"submit\" src=\"https:\/\/www.paypalobjects.com\/en_US\/i\/btn\/btn_cart_SM.gif\" type=\"image\" \/><br \/>\n<img loading=\"lazy\" src=\"https:\/\/www.paypalobjects.com\/en_US\/i\/scr\/pixel.gif\" alt=\"\" width=\"1\" height=\"1\" border=\"0\" \/><\/p>\n<\/form>\n<\/div><\/div>\n<div class=\"separator\"><\/div>\n<div class=\"section clearfix\"><div class=\"col-4 no-margin\">\n<p><span style=\"line-height: 1.5em;\"><a href=\"http:\/\/tpm-institute.com\/wp-content\/uploads\/2014\/01\/Hartmann-TPM-DEF.jpg\"><img loading=\"lazy\" class=\"aligncenter size-full wp-image-4701\" src=\"http:\/\/tpm-institute.com\/wp-content\/uploads\/2014\/01\/Hartmann-TPM-DEF.jpg\" alt=\"Hartmann-TPM-DEF\" width=\"315\" height=\"101\" \/><\/a><\/span><span style=\"line-height: 1.5em;\"><\/div> \u00a0<div class=\"col-4 last-column no-margin\">\u00a0<\/span><\/p>\n<p style=\"text-align: justify;\"><span style=\"font-family: helvetica; font-size: small;\"><span style=\"color: #000000;\"><b>Der TPM Video Kurs: <em>Wie Sie erfolgreich TPM in Ihrem Betrieb Einbringen<\/em><\/b><\/span> &#8211; Eine 7-teilige Video Serie mit Anleitung (Englisch oder Spanisch). Dieser elfst\u00fcndige, 7-teilige Videokurs basiert auf Ed Hartmanns Lehrg\u00e4ngen und enth\u00e4lt einen 200-seitigen Leitfaden. Er wird zumeist in innerbetrieblichen Schulungen genutzt und wird von Unternehmen erworben, die kleinere Gruppen von Mitarbeitern in den diversen Schritten des TPM unterrichten m\u00f6chten.<\/span><\/p>\n<address><span style=\"font-family: helvetica; font-size: small;\"><b><i>ISBN #: <\/i><\/b><i>1-882258-06-1<\/i><i><\/i><\/span><\/address>\n<address><span style=\"font-family: helvetica; font-size: small;\"><b><i>Englisch &#8211; Preis: <\/i><\/b><i>US$ 995.00<\/i><i><\/i><\/span><\/address>\n<address><span style=\"font-family: helvetica; font-size: small;\"><b><i>Spanisch &#8211; Preis: <\/i><\/b><i>$795.00<\/i><\/span><\/address>\n<form action=\"https:\/\/www.paypal.com\/cgi-bin\/webscr\" method=\"post\" target=\"paypal\"><input name=\"cmd\" type=\"hidden\" value=\"_s-xclick\" \/><br \/>\n<input name=\"hosted_button_id\" type=\"hidden\" value=\"QF5W62A6XS358\" \/><\/p>\n<table>\n<tbody>\n<tr>\n<td><input name=\"on0\" type=\"hidden\" value=\"Select Video Language\" \/>Select Video Language<\/td>\n<\/tr>\n<tr>\n<td><select name=\"os0\"><option value=\"Englisch Videos\">Englisch Videos $995.00 USD<\/option><option value=\"Spanisch Videos\">Spanisch Videos $795.00 USD<\/option><\/select><\/td>\n<\/tr>\n<\/tbody>\n<\/table>\n<p><input name=\"currency_code\" type=\"hidden\" value=\"USD\" \/><br \/>\n<input alt=\"PayPal - The safer, easier way to pay online!\" name=\"submit\" src=\"https:\/\/www.paypalobjects.com\/en_US\/i\/btn\/btn_cart_SM.gif\" type=\"image\" \/><img loading=\"lazy\" src=\"https:\/\/www.paypalobjects.com\/en_US\/i\/scr\/pixel.gif\" alt=\"\" width=\"1\" height=\"1\" border=\"0\" \/><\/p>\n<\/form>\n<\/div> <\/div>\n<div class=\"separator\"><\/div>\n<div class=\"section clearfix\"><div class=\"col-4 no-margin\">\n<p style=\"text-align: justify;\"><span style=\"font-size: small;\"><span style=\"font-family: helvetica; color: #000000;\"><strong><a href=\"https:\/\/www.tpm-institute.com\/wp-content\/uploads\/2018\/08\/GermanBk_2013-e1391520109296.png\"><img class=\"alignleft size-full\" src=\"https:\/\/www.tpm-institute.com\/wp-content\/uploads\/2018\/08\/GermanBk_2013-e1391520109296.png\" alt=\"German Bk\" \/><\/a><\/strong><\/span><\/span><\/p>\n<p style=\"text-align: justify;\"><\/div>\n<div class=\"col-4 last-column\">\n<p style=\"text-align: justify;\"><span style=\"font-family: helvetica; color: #333333; font-size: 10pt;\"><em><strong>TPM, Effiziente Instandhaltung und Maschinenmanagement<\/strong><\/em>\u00a0von Edward H. Hartmann.\u00a0(2013, auf\u00a0Deutsch). Die 4. und Neueste Ausgabe von <em>Successfully Installing TPM in a Non-Japanese Plant\u00a0<\/em>(<em>Effiziente Instandhaltung und Maschinenmanagement)<\/em>\u00a0ist momentan auf Deutsch als gebundene Ausgabe und in PDF-Format bei\u00a0Vahlen.de erh\u00e4ltlich. Dieses Buch wird bei s\u00e4mtlichen Seminaren und Schulungen in Deutschland, der Schweiz und \u00d6sterreich <span style=\"font-family: helvetica; font-size: small;\">benutzt\u00a0<\/span><span style=\"font-family: helvetica; font-size: small;\">.<\/span><\/span><\/p>\n<a href=\"http:\/\/www.vahlen.de\/productview.aspx?product=12000194\" class=\"button btn-normal btn-orange\">Zu Vahlen.de<\/a>\n<\/div>\n<\/div>\n<p>&nbsp;<br \/>\n<script>\n  (function(i,s,o,g,r,a,m){i['GoogleAnalyticsObject']=r;i[r]=i[r]||function(){\n  (i[r].q=i[r].q||[]).push(arguments)},i[r].l=1*new Date();a=s.createElement(o),\n  m=s.getElementsByTagName(o)[0];a.async=1;a.src=g;m.parentNode.insertBefore(a,m)\n  })(window,document,'script','\/\/www.google-analytics.com\/analytics.js','ga');<\/p>\n<p>  ga('create', 'UA-56568235-1', 'auto');\n  ga('send', 'pageview');<\/p>\n<p><\/script><\/p>\n","protected":false},"excerpt":{"rendered":"<p>\u00a0 Hier finden Sie B\u00fccher, Videos und&#8230;<\/p>\n","protected":false},"author":2,"featured_media":0,"parent":0,"menu_order":0,"comment_status":"closed","ping_status":"closed","template":"","meta":{"_et_pb_use_builder":"on","_et_pb_old_content":"","_et_gb_content_width":""},"_links":{"self":[{"href":"https:\/\/www.tpm-institute.com\/de\/wp-json\/wp\/v2\/pages\/5153"}],"collection":[{"href":"https:\/\/www.tpm-institute.com\/de\/wp-json\/wp\/v2\/pages"}],"about":[{"href":"https:\/\/www.tpm-institute.com\/de\/wp-json\/wp\/v2\/types\/page"}],"author":[{"embeddable":true,"href":"https:\/\/www.tpm-institute.com\/de\/wp-json\/wp\/v2\/users\/2"}],"replies":[{"embeddable":true,"href":"https:\/\/www.tpm-institute.com\/de\/wp-json\/wp\/v2\/comments?post=5153"}],"version-history":[{"count":81,"href":"https:\/\/www.tpm-institute.com\/de\/wp-json\/wp\/v2\/pages\/5153\/revisions"}],"predecessor-version":[{"id":60940,"href":"https:\/\/www.tpm-institute.com\/de\/wp-json\/wp\/v2\/pages\/5153\/revisions\/60940"}],"wp:attachment":[{"href":"https:\/\/www.tpm-institute.com\/de\/wp-json\/wp\/v2\/media?parent=5153"}],"curies":[{"name":"wp","href":"https:\/\/api.w.org\/{rel}","templated":true}]}}