{"id":5161,"date":"2014-02-03T23:08:13","date_gmt":"2014-02-04T04:08:13","guid":{"rendered":"http:\/\/tpm-institute.com\/?page_id=5161"},"modified":"2016-11-14T19:19:40","modified_gmt":"2016-11-15T00:19:40","slug":"kunden","status":"publish","type":"page","link":"https:\/\/www.tpm-institute.com\/de\/kunden\/","title":{"rendered":"Top-Kunden"},"content":{"rendered":"<p style=\"text-align: left;\"><span style=\"font-family: helvetica; font-size: small;\"><div class=\"section clearfix\"><\/span><\/p>\n<p style=\"text-align: justify;\"><span style=\"font-family: helvetica; font-size: small;\">Das International TPM Institute ist weltweit seit 1990 t\u00e4tig und hat mit \u00fcber 25 Fortune-500-Kunden (umsatzst\u00e4rkste US-Gesellschaften) und Unternehmen in einer Vielzahl von Branchen zusammengearbeitet. Wir blicken auf langj\u00e4hrige Erfahrung in einer breiten Palette von Firmengr\u00f6\u00dfen und Projektbereichen zur\u00fcck, welche von Kleinbetrieben mit 50 bis hin zu Gro\u00dfkonzernen +10,000 Mitarbeitern und von Zeitr\u00e4umen von mehreren Monaten bis zu mehreren Jahren reicht. Einer unserer l\u00e4ngsten TPM-Installationen war ein 6-Jahres-Projekt mit Mercedes, welches mit dem Erhalt des begehrten TPM Awards in 2001 erfoglreich abgeschlossen wurde.<\/span><br \/>\n<span style=\"font-family: helvetica; font-size: small;\">\u00a0<\/span><br \/>\n<span style=\"font-family: helvetica; font-size: small;\">Unsere mehrsprachigen Berater arbeiten routinem\u00e4\u00dfig mit Kunden auf der ganzen Welt zusammen : Deutschland, Schweiz, \u00d6sterreich, USA, Frankreich, Belgien, Italien, Spanien, Portugal, Gro\u00dfbritannien, Irland, Holland, Estland, Ungarn, und der Tschechischen Republik; mit einigen Au\u00dfenstellen dieser Unternehmen in Kanada, Mexiko, Brasilien, Argentinien, Chile, Venezuela, Kolumbien, Guatemala, Taiwan und Malaysien.\u00a0<\/span><\/div>\n<p><span style=\"font-family: helvetica; font-size: small;\"><div class=\"spacer\" style=\"height:5px;\"><\/div><\/span><span style=\"font-family: helvetica; font-size: small;\"><div class=\"section clearfix\"><\/span><\/p>\n<p style=\"text-align: center;\"><span style=\"font-family: helvetica; font-size: small;\"><span style=\"font-size:25px; display:inline-block; line-height:25px; width:25px; height:25px; color:#0EC8ED; margin:3px;\" class=\"icon-thumbs-up\"><\/span><\/span><\/p>\n<p><strong>\u201eVielen Dank f\u00fcr eine ma\u00dfgeschneiderte L\u00f6sung des Internationalen TPM Instituts! Wir hatten einen 70%igen Anstieg der Produktivit\u00e4tsrate, welches unseren Betrieb vor einer Schlie\u00dfung bewahrte!\u201c \u2013 KME Germany \/ Kunde, einer werkspezifisch zugeschnittenen TPM-L\u00f6sung<\/strong><\/p>\n<p style=\"text-align: center;\"><span style=\"font-family: helvetica; font-size: small;\"><a href=\"http:\/\/eepurl.com\/Pexmv\" class=\"button btn-large btn-orange\">Eine Anfrage f\u00fcr eine kundenspezifische TPM-Installation<\/a><\/span><\/p>\n<p style=\"text-align: center;\"><span style=\"font-family: helvetica; font-size: small;\"><\/div><\/span><\/p>\n<p><span style=\"font-family: helvetica; font-size: small;\">\u00a0<\/span><\/p>\n","protected":false},"excerpt":{"rendered":"<p>\u00a0<\/p>\n","protected":false},"author":2,"featured_media":4841,"parent":0,"menu_order":0,"comment_status":"closed","ping_status":"closed","template":"page-tour.php","meta":{"_et_pb_use_builder":"","_et_pb_old_content":"","_et_gb_content_width":""},"_links":{"self":[{"href":"https:\/\/www.tpm-institute.com\/de\/wp-json\/wp\/v2\/pages\/5161"}],"collection":[{"href":"https:\/\/www.tpm-institute.com\/de\/wp-json\/wp\/v2\/pages"}],"about":[{"href":"https:\/\/www.tpm-institute.com\/de\/wp-json\/wp\/v2\/types\/page"}],"author":[{"embeddable":true,"href":"https:\/\/www.tpm-institute.com\/de\/wp-json\/wp\/v2\/users\/2"}],"replies":[{"embeddable":true,"href":"https:\/\/www.tpm-institute.com\/de\/wp-json\/wp\/v2\/comments?post=5161"}],"version-history":[{"count":16,"href":"https:\/\/www.tpm-institute.com\/de\/wp-json\/wp\/v2\/pages\/5161\/revisions"}],"predecessor-version":[{"id":59960,"href":"https:\/\/www.tpm-institute.com\/de\/wp-json\/wp\/v2\/pages\/5161\/revisions\/59960"}],"wp:featuredmedia":[{"embeddable":true,"href":"https:\/\/www.tpm-institute.com\/de\/wp-json\/wp\/v2\/media\/4841"}],"wp:attachment":[{"href":"https:\/\/www.tpm-institute.com\/de\/wp-json\/wp\/v2\/media?parent=5161"}],"curies":[{"name":"wp","href":"https:\/\/api.w.org\/{rel}","templated":true}]}}