{"id":51958,"date":"-0001-11-30T00:00:00","date_gmt":"2015-03-05T19:57:51","guid":{"rendered":"http:\/\/tpm-institute.com\/?page_id=51958"},"modified":"2015-03-05T14:57:51","modified_gmt":"2015-03-05T19:57:51","slug":"kunden-home","status":"publish","type":"page","link":"https:\/\/www.tpm-institute.com\/de\/kunden\/kunden-home\/","title":{"rendered":"Kunden Home"},"content":{"rendered":"<div class=\"section clearfix\">\n<p><span style=\"font-size: 10pt; font-family: helvetica;\">Das International TPM Institute ist weltweit seit 1990 t\u00e4tig und hat mit \u00fcber 25 Fortune-500-Kunden (umsatzst\u00e4rkste US-Gesellschaften) und Unternehmen in einer <span style=\"color: #333333;\">Vielzahl<\/span> von Branchen zusammengearbeitet. Wir blicken auf langj\u00e4hrige Erfahrung in einer breiten Palette von Firmengr\u00f6\u00dfen und Projektbereichen zur\u00fcck, welche von Kleinbetrieben mit 50 bis hin zu Gro\u00dfkonzernen +10,000 Mitarbeitern und von Zeitr\u00e4umen von mehreren Monaten bis zu mehreren Jahren reicht. Einer unserer l\u00e4ngsten TPM-Installationen war ein 6-Jahres-Projekt mit Mercedes, welches mit dem Erhalt des begehrten TPM Awards in 2001 erfoglreich abgeschlossen wurde.<\/span><\/p>\n<p><span style=\"font-size: 10pt; font-family: helvetica;\">Unsere mehrsprachigen Berater arbeiten routinem\u00e4\u00dfig mit Kunden auf der ganzen Welt zusammen : Deutschland, Schweiz, \u00d6sterreich, USA, Frankreich, Belgien, Italien, Spanien, Portugal, Gro\u00dfbritannien, Irland, Holland, Estland, Ungarn, und der Tschechischen Republik; mit einigen Au\u00dfenstellen dieser Unternehmen in Kanada, Mexiko, Brasilien, Argentinien, Chile, Venezuela, Kolumbien, Guatemala, Taiwan und Malaysien.<\/span> <\/div>\n<div class=\"spacer\" style=\"height:5px;\"><\/div>\n<p style=\"text-align: center;\"><div class=\"section clearfix\">\n<p style=\"text-align: center;\"><span style=\"font-size:30px; display:inline-block; line-height:30px; width:30px; height:30px; color:#0EC8ED; margin:3px;\" class=\"icon-thumbs-up\"><\/span>\n<p style=\"text-align: center;\"><strong><span style=\"color: #333333; font-family: helvetica; font-size: 10pt;\">\u201eVielen Dank f\u00fcr eine zugeschnittene L\u00f6sung des International TPM Institute! Wir hatten einen 70%igen Anstieg der Produktivit\u00e4tsrate, welches unseren Betrieb von einer Schlie\u00dfung rettete!\u201c<\/span><\/strong> <span style=\"font-family: helvetica; font-size: 10pt;\">&#8211; KME Germany \/ Kunde, einer pers\u00f6nlich zugeschnittenen TPM L\u00f6sung<\/span><\/p>\n<p style=\"text-align: center;\"><a href=\"http:\/\/eepurl.com\/Pexmv\" class=\"button btn-large btn-orange\">Eine Anfrage f\u00fcr eine kundenspezifische TPM-Installation<\/a>\n<p style=\"text-align: center;\"><\/div>\n","protected":false},"excerpt":{"rendered":"","protected":false},"author":2,"featured_media":0,"parent":5161,"menu_order":1,"comment_status":"closed","ping_status":"closed","template":"page-tour.php","meta":{"_et_pb_use_builder":"","_et_pb_old_content":"","_et_gb_content_width":""},"_links":{"self":[{"href":"https:\/\/www.tpm-institute.com\/de\/wp-json\/wp\/v2\/pages\/51958"}],"collection":[{"href":"https:\/\/www.tpm-institute.com\/de\/wp-json\/wp\/v2\/pages"}],"about":[{"href":"https:\/\/www.tpm-institute.com\/de\/wp-json\/wp\/v2\/types\/page"}],"author":[{"embeddable":true,"href":"https:\/\/www.tpm-institute.com\/de\/wp-json\/wp\/v2\/users\/2"}],"replies":[{"embeddable":true,"href":"https:\/\/www.tpm-institute.com\/de\/wp-json\/wp\/v2\/comments?post=51958"}],"version-history":[{"count":4,"href":"https:\/\/www.tpm-institute.com\/de\/wp-json\/wp\/v2\/pages\/51958\/revisions"}],"predecessor-version":[{"id":51976,"href":"https:\/\/www.tpm-institute.com\/de\/wp-json\/wp\/v2\/pages\/51958\/revisions\/51976"}],"up":[{"embeddable":true,"href":"https:\/\/www.tpm-institute.com\/de\/wp-json\/wp\/v2\/pages\/5161"}],"wp:attachment":[{"href":"https:\/\/www.tpm-institute.com\/de\/wp-json\/wp\/v2\/media?parent=51958"}],"curies":[{"name":"wp","href":"https:\/\/api.w.org\/{rel}","templated":true}]}}