{"id":5257,"date":"2014-01-27T22:41:38","date_gmt":"2014-01-28T03:41:38","guid":{"rendered":"http:\/\/tpm-institute.com\/seminar-2014-de\/training-manuals\/"},"modified":"2015-03-05T15:18:58","modified_gmt":"2015-03-05T20:18:58","slug":"schulungsunterlagen-fuer-seminare-tpm-kurse","status":"publish","type":"page","link":"https:\/\/www.tpm-institute.com\/de\/seminare-de\/schulungsunterlagen-fuer-seminare-tpm-kurse\/","title":{"rendered":"Schulungsunterlagen f\u00fcr Seminare &#038; TPM Kurse"},"content":{"rendered":"<p>TPM Press hat mindestens 10 unterschiedliche Arten von Schulungsleitfaden und mehr als 1,8 Millionen Seiten Schulungsmaterialien gedruckt und geliefert. Diese Leitfaden werden an unsere Schulungs- und Installationskunden sowie unsere Seminarteilnehmer verteilt. S\u00e4mtliche Kursmaterialien sind f\u00fcr die Schulungen zwingend notwendig, werden vom International TPM Institute, Inc. entwickelt, gestellt und sind g\u00e4nzlich dessen Eigentum. S\u00e4mtliche Kursmaterialien sind auf Englisch erh\u00e4ltlich, die meisten davon sind in mehreren Sprachen verf\u00fcgbar, darunter Deutsch, Spanisch und Franz\u00f6sisch. Au\u00dferdem werden einige der folgenden Kurse als \u00f6ffentliche Seminare abgehalten, w\u00e4hrend andere im allgemeinen ein Teil von internen und kundenspezifischen Schulungen sind.<\/p>\n<p>Bitte kontaktieren Sie uns um mehr Details \u00fcber unsere Kurse und die Sprachen, mit denen wir arbeiten, zu erfahren, und um Kurse spezifisch f\u00fcr Ihren Betrieb zu entwerfen:<\/p>\n<p style=\"padding-left: 30px;\"><strong><span style=\"font-family: helvetica; font-size: 10pt;\">TPM Seminar Leitfaden<\/span><\/strong><br \/>\n<strong><span style=\"font-family: helvetica; font-size: 10pt;\">TPM Management Training<\/span><\/strong><br \/>\n<strong><span style=\"font-family: helvetica; font-size: 10pt;\">TPM Machbarkeitssanalye<\/span><\/strong><br \/>\n<strong><span style=\"font-family: helvetica; font-size: 10pt;\">TPM-5S Training<\/span><\/strong><br \/>\n<strong><span style=\"font-family: helvetica; font-size: 10pt;\">TPM-SMED Schulung<\/span><\/strong><br \/>\n<strong><span style=\"font-family: helvetica; font-size: 10pt;\">TPM Trainer-Schulung und Zertifizierung<\/span><\/strong><br \/>\n<strong><span style=\"font-family: helvetica; font-size: 10pt;\"> PM\/PdM Seminar<\/span><\/strong><br \/>\n<strong><span style=\"font-family: helvetica; font-size: 10pt;\">PdM Hilfsmittelf\u00fchrer<\/span><\/strong><br \/>\n<strong><span style=\"font-family: helvetica; font-size: 10pt;\">Instandhaltungs-Management Seminar<\/span><\/strong><br \/>\n<strong><span style=\"font-family: helvetica; font-size: 10pt;\">Planer\/Disponenten Training<\/span><\/strong><\/p>\n","protected":false},"excerpt":{"rendered":"<p>TPM Press hat mindestens 10 unterschiedliche Arten von Schulungsleitfaden und mehr als 1,8 Millionen Seiten Schulungsmaterialien gedruckt und geliefert. Diese Leitfaden werden an unsere Schulungs- und Installationskunden sowie unsere Seminarteilnehmer verteilt. S\u00e4mtliche Kursmaterialien sind f\u00fcr die Schulungen zwingend notwendig, werden [&hellip;]<\/p>\n","protected":false},"author":2,"featured_media":0,"parent":5023,"menu_order":3,"comment_status":"closed","ping_status":"closed","template":"","meta":{"_et_pb_use_builder":"","_et_pb_old_content":"","_et_gb_content_width":""},"_links":{"self":[{"href":"https:\/\/www.tpm-institute.com\/de\/wp-json\/wp\/v2\/pages\/5257"}],"collection":[{"href":"https:\/\/www.tpm-institute.com\/de\/wp-json\/wp\/v2\/pages"}],"about":[{"href":"https:\/\/www.tpm-institute.com\/de\/wp-json\/wp\/v2\/types\/page"}],"author":[{"embeddable":true,"href":"https:\/\/www.tpm-institute.com\/de\/wp-json\/wp\/v2\/users\/2"}],"replies":[{"embeddable":true,"href":"https:\/\/www.tpm-institute.com\/de\/wp-json\/wp\/v2\/comments?post=5257"}],"version-history":[{"count":13,"href":"https:\/\/www.tpm-institute.com\/de\/wp-json\/wp\/v2\/pages\/5257\/revisions"}],"predecessor-version":[{"id":25799,"href":"https:\/\/www.tpm-institute.com\/de\/wp-json\/wp\/v2\/pages\/5257\/revisions\/25799"}],"up":[{"embeddable":true,"href":"https:\/\/www.tpm-institute.com\/de\/wp-json\/wp\/v2\/pages\/5023"}],"wp:attachment":[{"href":"https:\/\/www.tpm-institute.com\/de\/wp-json\/wp\/v2\/media?parent=5257"}],"curies":[{"name":"wp","href":"https:\/\/api.w.org\/{rel}","templated":true}]}}