{"id":60165,"date":"2017-01-06T19:33:07","date_gmt":"2017-01-07T00:33:07","guid":{"rendered":"http:\/\/www.tpm-institute.com\/?page_id=60165\/"},"modified":"2017-02-15T11:00:34","modified_gmt":"2017-02-15T16:00:34","slug":"webinar-test","status":"publish","type":"page","link":"https:\/\/www.tpm-institute.com\/de\/webinar-test\/","title":{"rendered":"Landing-Test-Webinar"},"content":{"rendered":"","protected":true},"excerpt":{"rendered":"","protected":true},"author":2,"featured_media":0,"parent":0,"menu_order":0,"comment_status":"closed","ping_status":"closed","template":"","meta":{"_et_pb_use_builder":"on","_et_pb_old_content":"<p style=\"text-align: center;\">[button title=\"Konferenzanmeldung\" size=\"mega\" link=\"http:\/\/www.eventbrite.com\/e\/20-internationale-tpm-konferenz-tickets-17943596781\" in_new_tab=\"false\" icon=\"\"]<\/p><p>[spacer height=\"10px\"]<\/p><p>[section]<\/p><p>[column size=\"col-1\" bottom_margin=\"false\"]<\/p><p>[spacer height=\"10px\"]<\/p><p>[\/column]<\/p><p>[column size=\"col-10\" bottom_margin=\"false\"]<\/p><p style=\"text-align: justify;\">Im Laufe unserer Konferenz blicken wir zur\u00fcck auf 25 Jahre TPM-Firmengeschichte und bieten Ausblicke, wie Operational Excellence mit ganzheitlichem TPEM\u00a0 erziehlt werden kann.\u00a0 Das industriegeschichtlich bedeutsame UNESCO-Welterbe Zeche Zollverein bietet hierf\u00fcr einen passenden Rahmen. Zu den H\u00f6hepunkten des aktionsgeladenen Events geh\u00f6ren ausgew\u00e4hlte Vortr\u00e4ge von leitenden Mitarbeitern deutscher Topfirmen wie BMW, Siemens, EUROPIPE, Kautex Textron, Finow Automotive, u.a.\u00a0 Weitere Highlights sind die Auszeichnung von ZF TRW Automotive als \u201cTPM-Fabrik des Jahres\u201d mit einem Festakt, sowie der abschliessende Werksrundgang bei ZF TRW im nahegelegenen Werk in Gelsenkirchen.<\/p><p style=\"text-align: justify;\"><b>Lassen Sie sich diese einmalige Jubil\u00e4umsveranstaltung in traditionsreichem Umfeld nicht entgehen!<\/b><\/p><p>[\/column]<\/p><p>[column size=\"col-1\" bottom_margin=\"false\"]<\/p><p>[spacer height=\"10px\"]<\/p><p>[\/column][\/section]<\/p><p>[spacer height=\"15px\"]<\/p><p>[section]<\/p><p>[column size=\"col-1\" bottom_margin=\"false\"]<\/p><p>[spacer height=\"10px\"]<\/p><p>[\/column]<\/p><p>[column size=\"col-10\" last_column=\"true\" bottom_margin=\"false\"]<\/p><p>[accordion][accordion_item title=\"20. Int'l TPM Konf., Anmeldung: Allgemeine Informationen\"]<\/p><p><b>20. INTERNATIONALE TPM-KONFERENZ auf dem UNESCO-Welterbe in ESSEN<\/b><\/p><p><b>25 Jahre TPM - R\u00fcckblick und Ausblick\u00a0<\/b><\/p><p>Unser aktionsgeladenes Event\u00a0will neue Impulse geben, welche Sie im heimischen Werk auf dem Weg zu Operational Excellence gezielt umsetzen k\u00f6nnen. Ausgew\u00e4hlte Beitr\u00e4ge von TPM-Institute Beratern und\u00a0Referenten deutscher Topfirmen\u00a0u.a. von<b>\u00a0BMW, Siemens, EUROPIPE, Kautex Textron, ZF TRW und Finow Automotive\u00a0<\/b> werden Ihnen wertvolle Anregungen und neue Ideen geben, wie Sie ihre Produktion mit aktiver Teamarbeit optimieren k\u00f6nnen.\u00a0<b>Praxisnahe Workshops<\/b>,\u00a0eine\u00a0<b>Zeche Zollverein Tour<\/b>, die stimmungsvolle\u00a0<b>\u201cTPM-Fabrik des Jahres\u201d Preisverleihung<\/b>,\u00a0sowie eine\u00a0<b>Werksf\u00fchrung des Preistr\u00e4gers ZF TRW<\/b>\u00a0Automotive Gelsenkirchen runden die zwei Konferenztage ab. Unsere erprobte\u00a0Konferenzgestaltung erlaubt einen <b>konstruktiven und regen Austausch<\/b> mit allen anwesenden TPM-Experten sowie mit F\u00fchrungskr\u00e4ften einiger der leistungsst\u00e4rksten Produktionsfirmen.<\/p><p>Der\u00a0wettbewerbsintensive Markt in der globalen Fertigungsindustrie macht es heute mehr denn je erforderlich, das Potenzial von Maschinen und Mitarbeitern\u00a0optimal auszunutzen. Edward H. Hartmanns\u00a0klar formulierte, strategische\u00a0TPEM-Methode zielt auf\u00a0die ganzheitliche Steigerung Ihres Herstellungsprozesses nach globalen Standards. <b>Bereits\u00a0in \u00fcber 50 L\u00e4ndern\u00a0erfolgreich angewendet, erzielten besonders\u00a0deutsche Werke von\u00a0Bosch, Daimler, Dunlop, Magna, Novartis, Salzgitter und Siemens\u00a0 durchschlagende Erfolge.\u00a0<\/b><\/p><p>Wie vor Jahr und Tag ist unsere Begeisterung und Engagement f\u00fcr TPM der Spitzenklasse ungebrochen. Was mit Automobilherstellern und -zulieferern begonnen hat, dehnt sich heute auf alle Industriezweige aus. Jedes Unternehmen kann mit der TPEM-Hartmann Methode eine <b>Steigerung der Produktivit\u00e4t\u00a0<\/b>nach globalen Standards\u00a0nachweislich und drastisch erzielen:<\/p><div><div><div><div><ul><li><em>Mit optimalen Renditen (Return On Investment: 300% plus)<\/em><\/li><li><em>Ohne Outsourcing (Erh\u00f6hung der Produktivit\u00e4t bis 75%)<\/em><\/li><li><em>Mit Motivierten Mitarbeitern (Motivation durch Erfolge)<\/em><\/li><li><em>Mit Verbesserter Safety Statistik (Unfallrate um 75% reduzieren)<\/em><\/li><li><em>Ohne teure neue Maschinen (Reduzierung der Maschinenausf\u00e4lle um 60%)<\/em><\/li><\/ul><\/div><\/div><\/div><\/div><p>[\/accordion_item][\/accordion]<\/p><p>[accordion_item title=\"Zeitplan, Konferenztagen 24.\/25.11.2015\"]<\/p><p><strong>1. KONFERENZTAG DIENSTAG, 24. NOVEMBER 2015<\/strong><\/p><p><strong>8:45 - 9:00<\/strong> BEGRUESSUNG UND KONFERENZ EROEFFNUNG<\/p><p>Yvonne Hartmann, Pr\u00e4sident und CEO, International TPM Institute, Inc.<\/p><p><strong>9:00 - 12:30<\/strong>\u00a0\u00a0 25 JAHRE TPM RUECKBLICK UND AUSBLICK + TPEM \u2013HARTMANN METHODE: ERFOLGE SIND PLANBAR<\/p><p>Eric Hoffmann, VP Europe, International TPM Institute, Inc.<\/p><p><strong>12:30 - 14:00<\/strong> Gemeinsames Mittagessen<\/p><p><strong>14:00 - 16:00<\/strong> TPEM-WORKSHOPS<\/p><p>Eric Hoffmann und Mitarbeiter des ZF TRW Werk Gelsenkirchen<\/p><p><strong>16:00 - 16:30<\/strong> Kaffeepause<\/p><p><strong>16:30-17:00<\/strong> TPM BEI EUROPIPE - ES MUSSTE JA SO KOMMEN!<\/p><p>Ludwig Oesterlein, Werksleiter, EUROPIPE GmbH, M\u00fchlheim<\/p><p><strong>17:00 -18:00<\/strong> VORTRAG DES PREISGEWINNERS<\/p><p>Dr. Ingo Thiem, Werkleiter ZF TRW, Gelsenkirchen, TRW Automotive GmbH<\/p><p><strong>18:00-19:30<\/strong> Zeche Zollverein Tour<\/p><p><strong>20:00<\/strong>\u00a0 Abendempfang und Preisverleihung: \u201cDie beste TPM-Fabrik des Jahres 2015\u201d<\/p><p><em>*Im Anschluss des ersten Tages laden wir alle Konferenzteilnehmer und Referenten herzlich zu einem Abendempfang mit einem gemeinsamen Abendessen und der Preisverleihung f\u00fcr \u201cDie beste TPEM-Fabrik des Jahres 2015\u201d ein.*<\/em><\/p><p><strong>2. KONFERENZTAG MITTWOCH, 25. NOVEMBER 2015<\/strong><\/p><p><strong>8:45-9:30<\/strong> LANGZEITERFOLGE MIT TPM BEI KAUTEX - EINE DEKADE AUF KURS<\/p><p>Folkmar Wissmann, Werksleiter, Kautex Textron GmbH, Leer<\/p><p><strong>9:30-10:15<\/strong> TPM IM GROSSBETRIEB, CHANCEN UND GEFAHREN<\/p><p>Florian Walter, TPM Koordinator, BMW Group, M\u00fcnchen<\/p><p><strong>10:15 -10:45<\/strong> Kaffeepause<\/p><p><strong>10:45-11:30<\/strong> TPM EINFUEHRUNG IM KLEINUNTERNEHMEN<\/p><p>Dominik Frimberger, Stellv. Abteilungsleiter Instandhaltung, Finow Automotive GmbH, Eberswalde<\/p><p><strong>11:30-12:15<\/strong> WIE UNTERST\u00dcTZT DER FINANZCHEF TPM?<\/p><p>Dieter Scholz, Finanzieller Werksleiter, Siemens AG, Erlangen<\/p><p><strong>12:15-13:15<\/strong> Gemeinsames Mittagessen<\/p><p><strong>13:15 - 16:30<\/strong> Transfer zum Sieger ZF TRW & Werksbesichtigung, Gelsenkirchen<\/p><p><strong>16:30<\/strong> R\u00fcckfahrt zum Hotel<\/p><p><strong>16:45<\/strong> Ankunft und Ende der Veranstaltung<\/p><p>[\/accordion_item]<\/p><p>[\/column]<\/p><p>[column size=\"col-1\" last_column=\"true\" bottom_margin=\"false\"]<\/p><p>[spacer height=\"10px\"]<\/p><p>[\/column]<\/p><p>[\/section]<\/p><p>[spacer height=\"7px\"]<\/p><p>[separator]<\/p><p style=\"text-align: center;\">[button title=\"Klicken Sie hier, um die Brosch\u00fcre herunterzuladen\" size=\"mega\" link=\"http:\/\/tpm-institute.com\/wp-content\/uploads\/2015\/09\/TPM_Konferenz_2015_BROCHURE_20150928_LANDING.pdf\" in_new_tab=\"false\" icon=\"\"]<\/p><p><a href=\"http:\/\/tpm-institute.com\/wp-content\/uploads\/2015\/09\/TPM_Konferenz_2015_BROCHURE_20151013-01-01.jpg\" target=\"_blank\"><img class=\"aligncenter wp-image-59480 size-full\" src=\"http:\/\/tpm-institute.com\/wp-content\/uploads\/2015\/09\/TPM_Konferenz_2015_BROCHURE_20151013-01-01.jpg\" alt=\"\" width=\"2480\" height=\"2480\" \/><\/a><\/p><p><a href=\"http:\/\/tpm-institute.com\/wp-content\/uploads\/2015\/09\/TPM_Konferenz_2015_BROCHURE_20150928_WEB-02.jpg\"><img class=\"aligncenter wp-image-59414 \" src=\"http:\/\/tpm-institute.com\/wp-content\/uploads\/2015\/09\/TPM_Konferenz_2015_BROCHURE_20150928_WEB-02-1024x1024.jpg\" alt=\"TPM_Konferenz_2015_BROCHURE_20150928_WEB-02\" width=\"795\" height=\"795\" \/><\/a><a href=\"http:\/\/tpm-institute.com\/wp-content\/uploads\/2015\/09\/TPM_Konferenz_2015_BROCHURE_20150928_WEB-03.jpg\"><img class=\"aligncenter wp-image-59418 \" src=\"http:\/\/tpm-institute.com\/wp-content\/uploads\/2015\/09\/TPM_Konferenz_2015_BROCHURE_20150928_WEB-03-1024x1024.jpg\" alt=\"TPM_Konferenz_2015_BROCHURE_20150928_WEB-03\" width=\"795\" height=\"795\" \/><\/a><a href=\"http:\/\/tpm-institute.com\/wp-content\/uploads\/2015\/09\/TPM_Konferenz_2015_BROCHURE_20150928_WEB-04.jpg\"><img class=\"aligncenter wp-image-59422 \" src=\"http:\/\/tpm-institute.com\/wp-content\/uploads\/2015\/09\/TPM_Konferenz_2015_BROCHURE_20150928_WEB-04-1024x1024.jpg\" alt=\"TPM_Konferenz_2015_BROCHURE_20150928_WEB-04\" width=\"795\" height=\"795\" \/><\/a><\/p><p><a href=\"http:\/\/tpm-institute.com\/wp-content\/uploads\/2015\/09\/TPM_Konferenz_2015_BROCHURE_20151013-051.jpg\" target=\"_blank\"><img class=\"aligncenter wp-image-59468 size-full\" src=\"http:\/\/tpm-institute.com\/wp-content\/uploads\/2015\/09\/TPM_Konferenz_2015_BROCHURE_20151013-051.jpg\" alt=\"TPM_Konferenz_2015_BROCHURE_20151013-05\" width=\"2480\" height=\"2480\" \/><\/a><\/p><p><a href=\"http:\/\/tpm-institute.com\/wp-content\/uploads\/2015\/09\/TPM_Konferenz_2015_BROCHURE_20150928_WEB-06.jpg\"><img class=\"aligncenter wp-image-59430 \" src=\"http:\/\/tpm-institute.com\/wp-content\/uploads\/2015\/09\/TPM_Konferenz_2015_BROCHURE_20150928_WEB-06-1024x1024.jpg\" alt=\"TPM_Konferenz_2015_BROCHURE_20150928_WEB-06\" width=\"795\" height=\"795\" \/><\/a><\/p><p style=\"text-align: left;\">[spacer height=\"10px\"]<\/p><p style=\"text-align: center;\">[button title=\"Konferenzanmeldung\" size=\"mega\" link=\"http:\/\/www.eventbrite.com\/e\/20-internationale-tpm-konferenz-tickets-17943596781\" in_new_tab=\"false\" icon=\"\"]<\/p><p>[spacer height=\"20px\"]<\/p><p><script>\/\/ <![CDATA[ (function(i,s,o,g,r,a,m){i['GoogleAnalyticsObject']=r;i[r]=i[r]||function(){ (i[r].q=i[r].q||[]).push(arguments)},i[r].l=1*new Date();a=s.createElement(o), m=s.getElementsByTagName(o)[0];a.async=1;a.src=g;m.parentNode.insertBefore(a,m) })(window,document,'script','\/\/www.google-analytics.com\/analytics.js','ga'); ga('create', 'UA-68319338-1', 'auto'); ga('send', 'pageview'); \/\/ ]]><\/script><\/p>","_et_gb_content_width":""},"_links":{"self":[{"href":"https:\/\/www.tpm-institute.com\/de\/wp-json\/wp\/v2\/pages\/60165"}],"collection":[{"href":"https:\/\/www.tpm-institute.com\/de\/wp-json\/wp\/v2\/pages"}],"about":[{"href":"https:\/\/www.tpm-institute.com\/de\/wp-json\/wp\/v2\/types\/page"}],"author":[{"embeddable":true,"href":"https:\/\/www.tpm-institute.com\/de\/wp-json\/wp\/v2\/users\/2"}],"replies":[{"embeddable":true,"href":"https:\/\/www.tpm-institute.com\/de\/wp-json\/wp\/v2\/comments?post=60165"}],"version-history":[{"count":58,"href":"https:\/\/www.tpm-institute.com\/de\/wp-json\/wp\/v2\/pages\/60165\/revisions"}],"predecessor-version":[{"id":60239,"href":"https:\/\/www.tpm-institute.com\/de\/wp-json\/wp\/v2\/pages\/60165\/revisions\/60239"}],"wp:attachment":[{"href":"https:\/\/www.tpm-institute.com\/de\/wp-json\/wp\/v2\/media?parent=60165"}],"curies":[{"name":"wp","href":"https:\/\/api.w.org\/{rel}","templated":true}]}}