{"id":4903,"date":"2014-02-04T22:13:33","date_gmt":"2014-02-05T03:13:33","guid":{"rendered":"http:\/\/tpm-institute.com\/?page_id=4903"},"modified":"2017-01-09T12:56:55","modified_gmt":"2017-01-09T17:56:55","slug":"nuestros-servicios","status":"publish","type":"page","link":"https:\/\/www.tpm-institute.com\/es\/nuestros-servicios\/","title":{"rendered":"Nuestros Servicios"},"content":{"rendered":"[et_pb_section admin_label=\u00bbsection\u00bb][et_pb_row admin_label=\u00bbrow\u00bb][et_pb_column type=\u00bb4_4&#8243;][et_pb_text admin_label=\u00bbText\u00bb background_layout=\u00bblight\u00bb text_orientation=\u00bbleft\u00bb header_line_height=\u00bb1.2em\u00bb text_font=\u00bbArial||||\u00bb text_font_size=\u00bb15&#8243; text_line_height=\u00bb1.2em\u00bb use_border_color=\u00bboff\u00bb border_color=\u00bb#ffffff\u00bb border_style=\u00bbsolid\u00bb]\n<p style=\"text-align: left;\"><span style=\"font-size: 15pt;\">La consultor\u00eda de TPM y la consultor\u00eda sobre mantenimiento son los principales servicios que ofrece el TPM Institute. La consultor\u00eda sobre mantenimiento tiene su enfoque puesto en la mejora del mantenimiento y la productividad.\u00a0<\/span><\/p>\n<p style=\"text-align: left;\"><span style=\"font-size: 15pt;\">Si tiene alguna pregunta acerca de los servicios de TPM, no dude en ponerse en contacto directamente con nosotros.<\/span><\/p>\n[\/et_pb_text][\/et_pb_column][\/et_pb_row][\/et_pb_section]\n","protected":false},"excerpt":{"rendered":"<p>La consultor\u00eda de TPM y la consultor\u00eda&#8230;<\/p>\n","protected":false},"author":2,"featured_media":0,"parent":0,"menu_order":0,"comment_status":"closed","ping_status":"closed","template":"","meta":{"_et_pb_use_builder":"on","_et_pb_old_content":"<p style=\"text-align: justify;\"><span style=\"font-family: helvetica; font-size: small;\">TPM Consulting & Maintenance Based Consulting are the major services offered by TPM Institute. Maintenance Based Consulting focuses on maintenance & productivity improvement. TPM Consulting includes an array of services from management training, in-house and open seminars, to audits, custom installations, certification of departments, and the granting of TPM AWARD certification to qualifying candidates.\u00a0<\/span><\/p><p style=\"text-align: justify;\">[infobox last_column=\"true\" bottom_margin=\"false\" closable=\"false\" color=\"green\"]If you have questions about our TPM services, please feel free to contact us directly.[\/infobox]<\/p><p><script>\r\n  (function(i,s,o,g,r,a,m){i['GoogleAnalyticsObject']=r;i[r]=i[r]||function(){\r\n  (i[r].q=i[r].q||[]).push(arguments)},i[r].l=1*new Date();a=s.createElement(o),\r\n  m=s.getElementsByTagName(o)[0];a.async=1;a.src=g;m.parentNode.insertBefore(a,m)\r\n  })(window,document,'script','\/\/www.google-analytics.com\/analytics.js','ga');\r\n\r\n  ga('create', 'UA-56568235-1', 'auto');\r\n  ga('send', 'pageview');\r\n\r\n<\/script><\/p>","_et_gb_content_width":""},"_links":{"self":[{"href":"https:\/\/www.tpm-institute.com\/es\/wp-json\/wp\/v2\/pages\/4903"}],"collection":[{"href":"https:\/\/www.tpm-institute.com\/es\/wp-json\/wp\/v2\/pages"}],"about":[{"href":"https:\/\/www.tpm-institute.com\/es\/wp-json\/wp\/v2\/types\/page"}],"author":[{"embeddable":true,"href":"https:\/\/www.tpm-institute.com\/es\/wp-json\/wp\/v2\/users\/2"}],"replies":[{"embeddable":true,"href":"https:\/\/www.tpm-institute.com\/es\/wp-json\/wp\/v2\/comments?post=4903"}],"version-history":[{"count":9,"href":"https:\/\/www.tpm-institute.com\/es\/wp-json\/wp\/v2\/pages\/4903\/revisions"}],"predecessor-version":[{"id":60369,"href":"https:\/\/www.tpm-institute.com\/es\/wp-json\/wp\/v2\/pages\/4903\/revisions\/60369"}],"wp:attachment":[{"href":"https:\/\/www.tpm-institute.com\/es\/wp-json\/wp\/v2\/media?parent=4903"}],"curies":[{"name":"wp","href":"https:\/\/api.w.org\/{rel}","templated":true}]}}