{"id":5029,"date":"2013-12-23T08:35:10","date_gmt":"2013-12-23T13:35:10","guid":{"rendered":"http:\/\/tpm-institute.com\/seminar-2014-2\/"},"modified":"2023-04-12T14:04:08","modified_gmt":"2023-04-12T18:04:08","slug":"seminarios","status":"publish","type":"page","link":"https:\/\/www.tpm-institute.com\/es\/seminarios\/","title":{"rendered":"Seminarios"},"content":{"rendered":"<p style=\"text-align: justify;\"><span style=\"font-family: helvetica; font-size: small;\">A los seminarios y cursos de capacitaci\u00f3n in-house del M\u00e9todo Hartmann han asistido m\u00e1s de 12.000 gerentes, supervisores, ingenieros, profesionales de mantenimiento y de operaciones desde el a\u00f1o 1990. Nuestros consultores multiling\u00fces han dictado seminarios sobre TPM y PM\/PDM (mantenimiento preventivo y predictivo) desde 1988, han dictado conferencias sobre Gesti\u00f3n de Mantenimiento y TPM durante 30 a\u00f1os en m\u00e1s de 35 pa\u00edses de todo el mundo, y se han especializado en temas de mejoramiento del mantenimiento y de la productividad desde 1969. Inscr\u00edbase con los formularios provistos o con su correo electr\u00f3nico, fax o ll\u00e1menos por tel\u00e9fono para obtener m\u00e1s informaci\u00f3n.<\/span><\/p>\n<p style=\"text-align: justify;\"><span style=\"font-family: helvetica; font-size: small;\">Participe en nuestros seminarios, hable con nuestros consultores y reciba materiales extensos de capacitaci\u00f3n.<\/span><\/p>\n<div class=\"section clearfix\"><div class=\"info-box info-blue col-4\"><div class=\"info-box-inner\"><p>\n<p style=\"text-align: center;\"><span style=\"font-family: helvetica; color: #333333;\"><strong>C\u00f3mo implementar con \u00e9xito el Mantenimiento Productivo Total<\/strong><\/span><\/p>\n<p style=\"text-align: center;\">\n<\/p><\/div><\/div>\n<div class=\"col-7 last-column no-margin\"><span style=\"font-size: 10pt;\">El curso le ofrece una presentaci\u00f3n en profundidad de las oportunidades, las estrategias de gesti\u00f3n de los equipos del TPM y pautas paso a paso para la instalaci\u00f3n del programa.<\/span><\/p>\n<p style=\"text-align: right;\"><a href=\"https:\/\/www.tpm-institute.com\/es\/nuestros-servicios\/\" class=\"button btn-normal btn-orange\">Haga clic aqu\u00ed para mas informaci\u00f3n<\/a><\/div> <\/div>\n<div class=\"section clearfix\"><div class=\"info-box info-blue col-4\"><div class=\"info-box-inner\"><p>\n<p style=\"text-align: center;\"><span style=\"font-family: helvetica; color: #333333;\"><strong>TPM Awards<br \/>\n<\/strong><\/span><\/p>\n<\/p><\/div><\/div>\n<div class=\"col-7 last-column no-margin\"><span style=\"font-family: arial, helvetica, sans-serif; font-size: 10pt;\">El curso le ofrece una presentaci\u00f3n en profundidad de las oportunidades, las estrategias de gesti\u00f3n de los equipos del TPM y pautas paso a paso para la instalaci\u00f3n del programa.<br \/>\n<\/span><\/p>\n<p style=\"text-align: right;\"><a href=\"https:\/\/www.tpm-institute.com\/es\/tpm-ins-awards\/\" class=\"button btn-normal btn-orange\">Haga clic aqu\u00ed para mas informaci\u00f3n<\/a><\/div> <\/div>\n<p style=\"text-align: right;\">\n<p style=\"text-align: right;\">\n<p style=\"text-align: center;\"><span style=\"font-family: helvetica;\"><div class=\"section clearfix\"><div class=\"col-11 last-column no-margin\"><\/div><div class=\"info-box info-green col-12 last-column\"><div class=\"info-box-inner\"><p><\/span><span style=\"font-family: helvetica;\"><span style=\"font-size: 12pt;\">Los seminarios que se lleven a cabo en Alemania y en Suiza se dictar\u00e1n en alem\u00e1n, con materiales tambi\u00e9n redactados en alem\u00e1n. Los materiales del curso generalmente consisten en un manual extenso de capacitaci\u00f3n y un ejemplar con tapa dura del libro del Sr. Hartmann \u201cC\u00f3mo instalar con \u00e9xito el TPM en una planta no japonesa\u201d o su equivalente en alem\u00e1n, \u201cEffiziente Instandhaltung und Maschinenmanagement.\u201d <\/span><\/p><\/div><\/div><\/div><\/span><\/p>\n","protected":false},"excerpt":{"rendered":"<p>A los seminarios y cursos de capacitaci\u00f3n in-house del M\u00e9todo Hartmann han asistido m\u00e1s de 12.000 gerentes, supervisores, ingenieros, profesionales de mantenimiento y de operaciones desde el a\u00f1o 1990. Nuestros consultores multiling\u00fces han dictado seminarios sobre TPM y PM\/PDM (mantenimiento [&hellip;]<\/p>\n","protected":false},"author":2,"featured_media":4876,"parent":0,"menu_order":0,"comment_status":"closed","ping_status":"closed","template":"","meta":{"_et_pb_use_builder":"off","_et_pb_old_content":"","_et_gb_content_width":""},"_links":{"self":[{"href":"https:\/\/www.tpm-institute.com\/es\/wp-json\/wp\/v2\/pages\/5029"}],"collection":[{"href":"https:\/\/www.tpm-institute.com\/es\/wp-json\/wp\/v2\/pages"}],"about":[{"href":"https:\/\/www.tpm-institute.com\/es\/wp-json\/wp\/v2\/types\/page"}],"author":[{"embeddable":true,"href":"https:\/\/www.tpm-institute.com\/es\/wp-json\/wp\/v2\/users\/2"}],"replies":[{"embeddable":true,"href":"https:\/\/www.tpm-institute.com\/es\/wp-json\/wp\/v2\/comments?post=5029"}],"version-history":[{"count":38,"href":"https:\/\/www.tpm-institute.com\/es\/wp-json\/wp\/v2\/pages\/5029\/revisions"}],"predecessor-version":[{"id":62108,"href":"https:\/\/www.tpm-institute.com\/es\/wp-json\/wp\/v2\/pages\/5029\/revisions\/62108"}],"wp:featuredmedia":[{"embeddable":true,"href":"https:\/\/www.tpm-institute.com\/es\/wp-json\/wp\/v2\/media\/4876"}],"wp:attachment":[{"href":"https:\/\/www.tpm-institute.com\/es\/wp-json\/wp\/v2\/media?parent=5029"}],"curies":[{"name":"wp","href":"https:\/\/api.w.org\/{rel}","templated":true}]}}