{"id":5042,"date":"-0001-11-30T00:00:00","date_gmt":"2015-03-13T22:17:32","guid":{"rendered":"http:\/\/tpm-institute.com\/?page_id=5042"},"modified":"2015-03-13T18:17:32","modified_gmt":"2015-03-13T22:17:32","slug":"tpm-services-sp","status":"publish","type":"page","link":"https:\/\/www.tpm-institute.com\/es\/nuestros-servicios\/tpm-services-sp\/","title":{"rendered":"Servicios de TPM"},"content":{"rendered":"<p><span style=\"font-family: helvetica; font-size: 10pt;\">Seminarios de TPM (P\u00fablicos e in-house, de uno a dos d\u00edas)<\/span><\/p>\n<p><span style=\"font-family: helvetica; font-size: 10pt;\">Curso de capacitaci\u00f3n de TPM para gerencia (in-house, 3-4 horas)<\/span><\/p>\n<p><span style=\"font-family: helvetica; font-size: 10pt;\"> Capacitaci\u00f3n para el Estudio de Factibilidad de TPM (un d\u00eda)<\/span><\/p>\n<p><span style=\"font-family: helvetica; font-size: 10pt;\">Apoyo para el Estudio de Factibilidad de TPM\u00a0 (supervisi\u00f3n de consultor\u00eda)<\/span><\/p>\n<p><span style=\"font-family: helvetica; font-size: 10pt;\">Desarrollo de visi\u00f3n\/estrategia\/pol\u00edtica y metas del TPM<\/span><\/p>\n<p><span style=\"font-family: helvetica; font-size: 10pt;\">Capacitaci\u00f3n personalizada del TPM para supervisores y operadores\u00a0 \u00a0 <\/span><\/p>\n<p><span style=\"font-family: helvetica; font-size: 10pt;\">Programas TPM\u00a0 \u201cTrain the Trainer\u201d (Capacite al capacitador) (personalizados)<\/span><\/p>\n<p><span style=\"font-family: helvetica; font-size: 10pt;\">Desarrollo del programa de instalaci\u00f3n de TPM\u00a0 (Con su equipo)<\/span><\/p>\n<p><span style=\"font-family: helvetica; font-size: 10pt;\">Apoyo para la instalaci\u00f3n del TPM (Supervisi\u00f3n de consultor\u00eda)<\/span><\/p>\n<p><span style=\"font-family: helvetica; font-size: 10pt;\">Adaptaci\u00f3n del dise\u00f1o de los sistemas de computaci\u00f3n CMMS para el TPM<\/span><\/p>\n<p><span style=\"font-family: helvetica; font-size: 10pt;\">Programa de auditor\u00eda del TPM<\/span><\/p>\n<p><span style=\"font-family: helvetica; font-size: 10pt;\">Auditor\u00edas de planta (M\u00e1quinas y mantenimiento) pr\u00e9vias al TPM<\/span><\/p>\n<p><span style=\"font-family: helvetica; font-size: 10pt;\">Negociaci\u00f3n de contratos de apoyo en organizaciones sindicalizadas<\/span><\/p>\n<p>&nbsp;<\/p>\n<p><span style=\"font-size: 10pt; font-family: helvetica;\"><div class=\"info-box info-green last-column no-margin\"><div class=\"info-box-inner\"><p>Si tiene alguna pregunta acerca de los servicios de TPM, no dude en ponerse en contacto directamente con nosotros.<\/p><\/div><\/div><\/span><\/p>\n","protected":false},"excerpt":{"rendered":"<p>Seminarios de TPM (P\u00fablicos e in-house, de uno a dos d\u00edas) Curso de capacitaci\u00f3n de TPM para gerencia (in-house, 3-4 horas) Capacitaci\u00f3n para el Estudio de Factibilidad de TPM (un d\u00eda) Apoyo para el Estudio de Factibilidad de TPM\u00a0 (supervisi\u00f3n [&hellip;]<\/p>\n","protected":false},"author":2,"featured_media":0,"parent":4903,"menu_order":2,"comment_status":"closed","ping_status":"closed","template":"page-tour.php","meta":{"_et_pb_use_builder":"","_et_pb_old_content":"","_et_gb_content_width":""},"_links":{"self":[{"href":"https:\/\/www.tpm-institute.com\/es\/wp-json\/wp\/v2\/pages\/5042"}],"collection":[{"href":"https:\/\/www.tpm-institute.com\/es\/wp-json\/wp\/v2\/pages"}],"about":[{"href":"https:\/\/www.tpm-institute.com\/es\/wp-json\/wp\/v2\/types\/page"}],"author":[{"embeddable":true,"href":"https:\/\/www.tpm-institute.com\/es\/wp-json\/wp\/v2\/users\/2"}],"replies":[{"embeddable":true,"href":"https:\/\/www.tpm-institute.com\/es\/wp-json\/wp\/v2\/comments?post=5042"}],"version-history":[{"count":6,"href":"https:\/\/www.tpm-institute.com\/es\/wp-json\/wp\/v2\/pages\/5042\/revisions"}],"predecessor-version":[{"id":16169,"href":"https:\/\/www.tpm-institute.com\/es\/wp-json\/wp\/v2\/pages\/5042\/revisions\/16169"}],"up":[{"embeddable":true,"href":"https:\/\/www.tpm-institute.com\/es\/wp-json\/wp\/v2\/pages\/4903"}],"wp:attachment":[{"href":"https:\/\/www.tpm-institute.com\/es\/wp-json\/wp\/v2\/media?parent=5042"}],"curies":[{"name":"wp","href":"https:\/\/api.w.org\/{rel}","templated":true}]}}