{"id":5048,"date":"2014-02-04T22:14:56","date_gmt":"2014-02-05T03:14:56","guid":{"rendered":"http:\/\/tpm-institute.com\/services-main-sp\/maint-services\/"},"modified":"2015-03-13T18:16:07","modified_gmt":"2015-03-13T22:16:07","slug":"maint-services","status":"publish","type":"page","link":"https:\/\/www.tpm-institute.com\/es\/nuestros-servicios\/maint-services\/","title":{"rendered":"Servicios de Mantenimiento"},"content":{"rendered":"<p><span style=\"font-family: helvetica; font-size: 10pt;\">Seminarios de Gesti\u00f3n de Mantenimietno (P\u00fablicos e in-house) <\/span><\/p>\n<p><span style=\"font-family: helvetica; font-size: 10pt;\">Auditor\u00edas de Mantenimiento (Capacidades, Funciones, Productividad) <\/span><\/p>\n<p><span style=\"font-family: helvetica; font-size: 10pt;\">Seminarios de PM\/PDM (P\u00fablicos e in-house, dos d\u00edas) <\/span><\/p>\n<p><span style=\"font-family: helvetica; font-size: 10pt;\">Programa de Desarrollo e Instalaci\u00f3n de PM\/PDM <\/span><\/p>\n<p><span style=\"font-family: helvetica; font-size: 10pt;\">Desarrollo de Sistemas de Gesti\u00f3n de Mantenimiento <\/span><\/p>\n<p><span style=\"font-family: helvetica; font-size: 10pt;\">Programa Totalmente Planificado de Mantenimiento, PM, PDM y TPM <\/span><\/p>\n<p><span style=\"font-family: helvetica; font-size: 10pt;\">Desarrollo y Soporte de la Instalaci\u00f3n <\/span><\/p>\n<p>&nbsp;<\/p>\n<p>&nbsp;<\/p>\n<p><span style=\"font-family: helvetica; font-size: 10pt;\"><div class=\"info-box info-green last-column no-margin\"><div class=\"info-box-inner\"><p>Si tiene alguna pregunta acerca de los servicios de TPM, no dude en ponerse en contacto directamente con nosotros.<\/p><\/div><\/div><\/span><\/p>\n","protected":false},"excerpt":{"rendered":"<p>Seminarios de Gesti\u00f3n de Mantenimietno (P\u00fablicos e in-house) Auditor\u00edas de Mantenimiento (Capacidades, Funciones, Productividad) Seminarios de PM\/PDM (P\u00fablicos e in-house, dos d\u00edas) Programa de Desarrollo e Instalaci\u00f3n de PM\/PDM Desarrollo de Sistemas de Gesti\u00f3n de Mantenimiento Programa Totalmente Planificado de [&hellip;]<\/p>\n","protected":false},"author":2,"featured_media":0,"parent":4903,"menu_order":3,"comment_status":"closed","ping_status":"closed","template":"page-blog.php","meta":{"_et_pb_use_builder":"","_et_pb_old_content":"","_et_gb_content_width":""},"_links":{"self":[{"href":"https:\/\/www.tpm-institute.com\/es\/wp-json\/wp\/v2\/pages\/5048"}],"collection":[{"href":"https:\/\/www.tpm-institute.com\/es\/wp-json\/wp\/v2\/pages"}],"about":[{"href":"https:\/\/www.tpm-institute.com\/es\/wp-json\/wp\/v2\/types\/page"}],"author":[{"embeddable":true,"href":"https:\/\/www.tpm-institute.com\/es\/wp-json\/wp\/v2\/users\/2"}],"replies":[{"embeddable":true,"href":"https:\/\/www.tpm-institute.com\/es\/wp-json\/wp\/v2\/comments?post=5048"}],"version-history":[{"count":6,"href":"https:\/\/www.tpm-institute.com\/es\/wp-json\/wp\/v2\/pages\/5048\/revisions"}],"predecessor-version":[{"id":16170,"href":"https:\/\/www.tpm-institute.com\/es\/wp-json\/wp\/v2\/pages\/5048\/revisions\/16170"}],"up":[{"embeddable":true,"href":"https:\/\/www.tpm-institute.com\/es\/wp-json\/wp\/v2\/pages\/4903"}],"wp:attachment":[{"href":"https:\/\/www.tpm-institute.com\/es\/wp-json\/wp\/v2\/media?parent=5048"}],"curies":[{"name":"wp","href":"https:\/\/api.w.org\/{rel}","templated":true}]}}