{"id":5051,"date":"2014-01-27T22:41:38","date_gmt":"2014-01-28T03:41:38","guid":{"rendered":"http:\/\/tpm-institute.com\/seminar-2014-sp\/training-manuals\/"},"modified":"2015-03-13T18:24:44","modified_gmt":"2015-03-13T22:24:44","slug":"training-manuals","status":"publish","type":"page","link":"https:\/\/www.tpm-institute.com\/es\/seminarios\/training-manuals\/","title":{"rendered":"Manuales de Capacitaci\u00f3n para los Seminarios y Cursos de TPM"},"content":{"rendered":"<p><span style=\"font-family: helvetica; font-size: 10pt;\">TPM Press ha imprimido y entregado por lo menos 10 diferentes typos de manuales de capacitaci\u00f3n, y m\u00e1s que 1,800,000 p\u00e1ginas de materiales de capacitaci\u00f3n. Actualmente estos manuales son dise\u00f1ado espec\u00edficamente para\u00a0nuestros clientes de capacitaci\u00f3n y instalaci\u00f3n, y adem\u00e1s de nuestros participantes de semin\u00e1rios.\u00a0A pesar de que no son disponible para comprar, son una gr\u00e1n parte de la base de conocimientos de TPM Press\u00a0y El Instituto Internacional TPM.\u00a0<\/span><\/p>\n<p><span style=\"font-family: helvetica; font-size: 10pt;\">Todos los materiales de los cursos est\u00e1n disponibles en Ingl\u00e9s, y la mayor\u00eda de los materiales est\u00e1n disponibles en v\u00e1rios idiomas, incluyendo alem\u00e1n, espa\u00f1ol y franc\u00e9s.\u00a0Adem\u00e1s, algunos de los siguientes cursos se ense\u00f1an\u00a0normalmente como seminarios p\u00fablicos, mientras que otros son parte de capacitaci\u00f3n in-house o instalaciones\u00a0personalizados para nuestros clientes.<\/span><\/p>\n<p><span style=\"font-family: helvetica; font-size: 10pt;\">Por favor, p\u00f3ngase en contacto con nosotros para saber m\u00e1s sobre los detalles de nuestros cursos, el dise\u00f1o de un curso para su empresa y los idiomas con los que trabajamos:<\/span><\/p>\n<p style=\"padding-left: 30px;\"><strong><span style=\"font-family: helvetica; font-size: 10pt;\">Manuales para los\u00a0seminarios de TPM<\/span><\/strong><br \/>\n<strong><span style=\"font-family: helvetica; font-size: 10pt;\">Presentaci\u00f3n de TPM ante gerencia<\/span><\/strong><br \/>\n<strong><span style=\"font-family: helvetica; font-size: 10pt;\">Capacitaci\u00f3n para el estudio de factibilidad de TPM<\/span><\/strong><br \/>\n<strong><span style=\"font-family: helvetica; font-size: 10pt;\">Capacitaci\u00f3n para TPM-5S<\/span><\/strong><br \/>\n<strong><span style=\"font-family: helvetica; font-size: 10pt;\">Curso de TPM-SMED<\/span><\/strong><br \/>\n<strong><span style=\"font-family: helvetica; font-size: 10pt;\">Curso de capacitaci\u00f3n de instructor de TPM<\/span><\/strong><br \/>\n<strong><span style=\"font-family: helvetica; font-size: 10pt;\">Seminario de PM\/PDM<\/span><\/strong><br \/>\n<strong><span style=\"font-family: helvetica; font-size: 10pt;\">Gu\u00eda de recursos de PDM<\/span><\/strong><br \/>\n<strong><span style=\"font-family: helvetica; font-size: 10pt;\">Seminario de gesti\u00f3n de mantenimiento<\/span><\/strong><br \/>\n<strong><span style=\"font-family: helvetica; font-size: 10pt;\">Capacitaci\u00f3n planificador\/programador<\/span><\/strong><\/p>\n","protected":false},"excerpt":{"rendered":"<p>TPM Press ha imprimido y entregado por lo menos 10 diferentes typos de manuales de capacitaci\u00f3n, y m\u00e1s que 1,800,000 p\u00e1ginas de materiales de capacitaci\u00f3n. Actualmente estos manuales son dise\u00f1ado espec\u00edficamente para\u00a0nuestros clientes de capacitaci\u00f3n y instalaci\u00f3n, y adem\u00e1s de [&hellip;]<\/p>\n","protected":false},"author":2,"featured_media":0,"parent":5029,"menu_order":3,"comment_status":"closed","ping_status":"closed","template":"","meta":{"_et_pb_use_builder":"","_et_pb_old_content":"","_et_gb_content_width":""},"_links":{"self":[{"href":"https:\/\/www.tpm-institute.com\/es\/wp-json\/wp\/v2\/pages\/5051"}],"collection":[{"href":"https:\/\/www.tpm-institute.com\/es\/wp-json\/wp\/v2\/pages"}],"about":[{"href":"https:\/\/www.tpm-institute.com\/es\/wp-json\/wp\/v2\/types\/page"}],"author":[{"embeddable":true,"href":"https:\/\/www.tpm-institute.com\/es\/wp-json\/wp\/v2\/users\/2"}],"replies":[{"embeddable":true,"href":"https:\/\/www.tpm-institute.com\/es\/wp-json\/wp\/v2\/comments?post=5051"}],"version-history":[{"count":15,"href":"https:\/\/www.tpm-institute.com\/es\/wp-json\/wp\/v2\/pages\/5051\/revisions"}],"predecessor-version":[{"id":25774,"href":"https:\/\/www.tpm-institute.com\/es\/wp-json\/wp\/v2\/pages\/5051\/revisions\/25774"}],"up":[{"embeddable":true,"href":"https:\/\/www.tpm-institute.com\/es\/wp-json\/wp\/v2\/pages\/5029"}],"wp:attachment":[{"href":"https:\/\/www.tpm-institute.com\/es\/wp-json\/wp\/v2\/media?parent=5051"}],"curies":[{"name":"wp","href":"https:\/\/api.w.org\/{rel}","templated":true}]}}