{"id":5052,"date":"2014-02-05T00:01:45","date_gmt":"2014-02-05T05:01:45","guid":{"rendered":"http:\/\/tpm-institute.com\/services-main-sp\/srvcs-train\/"},"modified":"2015-03-13T18:16:15","modified_gmt":"2015-03-13T22:16:15","slug":"servicios-de-capacitacion-de-tpm","status":"publish","type":"page","link":"https:\/\/www.tpm-institute.com\/es\/nuestros-servicios\/servicios-de-capacitacion-de-tpm\/","title":{"rendered":"Servicios de Capacitaci\u00f3n de TPM"},"content":{"rendered":"<p><span style=\"font-family: helvetica; font-size: 10pt;\">Capacitaci\u00f3n para el Estudio de Factibilidad de TPM<\/span><br \/>\n<span style=\"font-family: helvetica; font-size: 10pt;\"> Capacitaci\u00f3n para el L\u00edder de Equipo de TPM<\/span><br \/>\n<span style=\"font-family: helvetica; font-size: 10pt;\"> Capacitaci\u00f3n de PM\/PdM<\/span><br \/>\n<span style=\"font-family: helvetica; font-size: 10pt;\"> Capacitaci\u00f3n de SMED, Capacitaci\u00f3n de 5S<\/span><\/p>\n<p>&nbsp;<\/p>\n<p><span style=\"font-family: helvetica; font-size: 10pt;\"><div class=\"info-box info-green last-column no-margin\"><div class=\"info-box-inner\"><p>Si tiene alguna pregunta acerca de los servicios de TPM, no dude en ponerse en contacto directamente con nosotros.<\/p><\/div><\/div><\/span><\/p>\n","protected":false},"excerpt":{"rendered":"<p>Capacitaci\u00f3n para el Estudio de Factibilidad de TPM Capacitaci\u00f3n para el L\u00edder de Equipo de TPM Capacitaci\u00f3n de PM\/PdM Capacitaci\u00f3n de SMED, Capacitaci\u00f3n de 5S &nbsp;<\/p>\n","protected":false},"author":2,"featured_media":0,"parent":4903,"menu_order":4,"comment_status":"closed","ping_status":"closed","template":"","meta":{"_et_pb_use_builder":"","_et_pb_old_content":"","_et_gb_content_width":""},"_links":{"self":[{"href":"https:\/\/www.tpm-institute.com\/es\/wp-json\/wp\/v2\/pages\/5052"}],"collection":[{"href":"https:\/\/www.tpm-institute.com\/es\/wp-json\/wp\/v2\/pages"}],"about":[{"href":"https:\/\/www.tpm-institute.com\/es\/wp-json\/wp\/v2\/types\/page"}],"author":[{"embeddable":true,"href":"https:\/\/www.tpm-institute.com\/es\/wp-json\/wp\/v2\/users\/2"}],"replies":[{"embeddable":true,"href":"https:\/\/www.tpm-institute.com\/es\/wp-json\/wp\/v2\/comments?post=5052"}],"version-history":[{"count":11,"href":"https:\/\/www.tpm-institute.com\/es\/wp-json\/wp\/v2\/pages\/5052\/revisions"}],"predecessor-version":[{"id":16171,"href":"https:\/\/www.tpm-institute.com\/es\/wp-json\/wp\/v2\/pages\/5052\/revisions\/16171"}],"up":[{"embeddable":true,"href":"https:\/\/www.tpm-institute.com\/es\/wp-json\/wp\/v2\/pages\/4903"}],"wp:attachment":[{"href":"https:\/\/www.tpm-institute.com\/es\/wp-json\/wp\/v2\/media?parent=5052"}],"curies":[{"name":"wp","href":"https:\/\/api.w.org\/{rel}","templated":true}]}}