{"id":51989,"date":"-0001-11-30T00:00:00","date_gmt":"2015-03-13T22:16:42","guid":{"rendered":"http:\/\/tpm-institute.com\/?page_id=51989"},"modified":"2015-03-13T18:16:42","modified_gmt":"2015-03-13T22:16:42","slug":"nuestros-servicios-home","status":"publish","type":"page","link":"https:\/\/www.tpm-institute.com\/es\/nuestros-servicios\/nuestros-servicios-home\/","title":{"rendered":"Nuestros Servicios Home"},"content":{"rendered":"<p style=\"text-align: justify;\"><span style=\"font-size: small; font-family: helvetica;\">La consultor\u00eda de TPM y la consultor\u00eda sobre mantenimiento son los principales servicios que ofrece el TPM Institute. La consultor\u00eda sobre mantenimiento tiene su enfoque puesto en la mejora del mantenimiento y la productividad.\u00a0<\/span><\/p>\n<p><span style=\"font-size: small; font-family: helvetica;\"><div class=\"info-box info-green last-column no-margin\"><div class=\"info-box-inner\"><p>Si tiene alguna pregunta acerca de los servicios de TPM, no dude en ponerse en contacto directamente con nosotros.<\/p><\/div><\/div><\/span><\/p>\n","protected":false},"excerpt":{"rendered":"<p>La consultor\u00eda de TPM y la consultor\u00eda sobre mantenimiento son los principales servicios que ofrece el TPM Institute. La consultor\u00eda sobre mantenimiento tiene su enfoque puesto en la mejora del mantenimiento y la productividad.\u00a0<\/p>\n","protected":false},"author":2,"featured_media":0,"parent":4903,"menu_order":1,"comment_status":"closed","ping_status":"closed","template":"page-tour.php","meta":{"_et_pb_use_builder":"","_et_pb_old_content":"","_et_gb_content_width":""},"_links":{"self":[{"href":"https:\/\/www.tpm-institute.com\/es\/wp-json\/wp\/v2\/pages\/51989"}],"collection":[{"href":"https:\/\/www.tpm-institute.com\/es\/wp-json\/wp\/v2\/pages"}],"about":[{"href":"https:\/\/www.tpm-institute.com\/es\/wp-json\/wp\/v2\/types\/page"}],"author":[{"embeddable":true,"href":"https:\/\/www.tpm-institute.com\/es\/wp-json\/wp\/v2\/users\/2"}],"replies":[{"embeddable":true,"href":"https:\/\/www.tpm-institute.com\/es\/wp-json\/wp\/v2\/comments?post=51989"}],"version-history":[{"count":1,"href":"https:\/\/www.tpm-institute.com\/es\/wp-json\/wp\/v2\/pages\/51989\/revisions"}],"predecessor-version":[{"id":51990,"href":"https:\/\/www.tpm-institute.com\/es\/wp-json\/wp\/v2\/pages\/51989\/revisions\/51990"}],"up":[{"embeddable":true,"href":"https:\/\/www.tpm-institute.com\/es\/wp-json\/wp\/v2\/pages\/4903"}],"wp:attachment":[{"href":"https:\/\/www.tpm-institute.com\/es\/wp-json\/wp\/v2\/media?parent=51989"}],"curies":[{"name":"wp","href":"https:\/\/api.w.org\/{rel}","templated":true}]}}