{"id":51991,"date":"-0001-11-30T00:00:00","date_gmt":"2015-03-13T22:22:50","guid":{"rendered":"http:\/\/tpm-institute.com\/?page_id=51991"},"modified":"2015-03-13T18:22:49","modified_gmt":"2015-03-13T22:22:49","slug":"los-seminarios","status":"publish","type":"page","link":"https:\/\/www.tpm-institute.com\/es\/seminarios\/los-seminarios\/","title":{"rendered":"Los Seminarios Home"},"content":{"rendered":"<p>A los seminarios y cursos de capacitaci\u00f3n in-house del M\u00e9todo Hartmann han asistido m\u00e1s de 12.000 gerentes, supervisores, ingenieros, profesionales de mantenimiento y de operaciones desde el a\u00f1o 1990. Nuestros consultores multiling\u00fces han dictado seminarios sobre TPM y PM\/PDM (mantenimiento preventivo y predictivo) desde 1988, han dictado conferencias sobre Gesti\u00f3n de Mantenimiento y TPM durante 30 a\u00f1os en m\u00e1s de 35 pa\u00edses de todo el mundo, y se han especializado en temas de mejoramiento del mantenimiento y de la productividad desde 1969. Aqu\u00ed figuran los eventos principales de este a\u00f1o, \u00a1de manera que por favor \u00fanase a nosotros! Inscr\u00edbase con los formularios provistos o con su correo electr\u00f3nico, fax o ll\u00e1menos por tel\u00e9fono para obtener m\u00e1s informaci\u00f3n.<\/p>\n<p>Participe en nuestros seminarios, hable con nuestros consultores y reciba materiales extensos de capacitaci\u00f3n.<\/p>\n<div class=\"section clearfix\"><\/div><div class=\"info-box info-blue col-3\"><div class=\"info-box-inner\"><p>\n<p>Seminarios de TPM<\/p>\n<p>Alemania<\/p>\n<p>Primavera y Oto\u00f1o, 2015<\/p>\n<\/p><\/div><\/div>\n<div class=\"col-6 last-column no-margin\">\n<p>El curso le ofrece una presentaci\u00f3n en profundidad de las oportunidades, las estrategias de gesti\u00f3n de los equipos del TPM y pautas paso a paso para la instalaci\u00f3n del programa.<\/p>\n<a href=\"http:\/\/tpm-institute.us7.list-manage.com\/subscribe?u=189d1b1a8e110532d191b3c10&amp;id=fac0d1937a\" class=\"button btn-normal btn-orange\">Haga clic aqu\u00ed para m\u00e1s informaci\u00f3n<\/a><\/div>\n<div class=\"info-box info-blue col-3\"><div class=\"info-box-inner\"><p>\n<p>C\u00f3mo implementar con \u00e9xito el Mantenimiento Productivo Total<\/p>\n<p>Madison, Wisconsin, EUA<\/p>\n<p>Junio, 2015<\/p><\/div><\/div>\n<div class=\"col-6 last-column no-margin\">\n<p>El curso le ofrece una presentaci\u00f3n en profundidad de las oportunidades, las estrategias de gesti\u00f3n de los equipos del TPM y pautas paso a paso para la instalaci\u00f3n del programa.<\/p>\n<a href=\"http:\/\/epdweb.engr.wisc.edu\/Courses\/Course.lasso?myCourseChoice=R116\" class=\"button btn-normal btn-orange\">Haga clic aqu\u00ed para m\u00e1s informaci\u00f3n<\/a><\/div>\n<div class=\"section clearfix\"><\/div><div class=\"info-box info-blue col-3\"><div class=\"info-box-inner\"><p>\n<p>Mantenimiento Preventivo\/Predictivo Efectivo<\/p>\n<p>Madison, Wisconsin, EUA<\/p>\n<p>Junio, 2015<\/p><\/div><\/div>\n<div class=\"col-6 last-column no-margin\">\n<p>El curso le ofrece una presentaci\u00f3n en profundidad de las oportunidades, las estrategias de gesti\u00f3n de los equipos del TPM y pautas paso a paso para la instalaci\u00f3n del programa. Cualquier instalaci\u00f3n que tenga m\u00e1quinas puede beneficiarse, incluso las plantas manufactureras, las plantas de tratamiento de agua y de residuos, las industrias de procesos, los sistemas escolares y muchas m\u00e1s.<\/p>\n<a href=\"http:\/\/epdweb.engr.wisc.edu\/Courses\/Course.lasso?myCourseChoice=R116\" class=\"button btn-normal btn-orange\">Haga clic aqu\u00ed para m\u00e1s informaci\u00f3n<\/a><\/div>\n<div class=\"info-box info-blue col-3\"><div class=\"info-box-inner\"><p>\n<p>20\u00aa Conferencia Anual de TPEM<\/p>\n<p>Alemania<\/p>\n<p>Noviembre, Fecha TBD, 2015<\/p><\/div><\/div>\n<div class=\"col-6 last-column no-margin\">\n<p>Participe en los seminarios, hable con nuestros consultores y visite la Planta del A\u00f1o.<\/p>\n<a href=\"http:\/\/tpm-institute.us7.list-manage.com\/subscribe?u=189d1b1a8e110532d191b3c10&amp;id=fac0d1937a\" class=\"button btn-normal btn-orange\">Haga clic aqu\u00ed para m\u00e1s informaci\u00f3n<\/a><\/div>\n<div class=\"col-9 last-column no-margin\"><\/div>\n<div class=\"info-box info-green col-9 last-column\"><div class=\"info-box-inner\"><p>\n<p>Los seminarios que se lleven a cabo en Alemania y en Suiza se dictar\u00e1n en alem\u00e1n, con materiales tambi\u00e9n redactados en alem\u00e1n. Los materiales del curso generalmente consisten en un manual extenso de capacitaci\u00f3n y un ejemplar con tapa dura del libro del Sr. Hartman \u201cC\u00f3mo instalar con \u00e9xito el TPM en una planta no japonesa\u201d o su equivalente en alem\u00e1n, \u201cEffiziente Instandhaltung und Maschinenmanagement.\u201d <\/p><\/div><\/div>\n","protected":false},"excerpt":{"rendered":"<p>A los seminarios y cursos de capacitaci\u00f3n in-house del M\u00e9todo Hartmann han asistido m\u00e1s de 12.000 gerentes, supervisores, ingenieros, profesionales de mantenimiento y de operaciones desde el a\u00f1o 1990. Nuestros consultores multiling\u00fces han dictado seminarios sobre TPM y PM\/PDM (mantenimiento [&hellip;]<\/p>\n","protected":false},"author":2,"featured_media":0,"parent":5029,"menu_order":1,"comment_status":"closed","ping_status":"open","template":"page-tour.php","meta":{"_et_pb_use_builder":"","_et_pb_old_content":"","_et_gb_content_width":""},"_links":{"self":[{"href":"https:\/\/www.tpm-institute.com\/es\/wp-json\/wp\/v2\/pages\/51991"}],"collection":[{"href":"https:\/\/www.tpm-institute.com\/es\/wp-json\/wp\/v2\/pages"}],"about":[{"href":"https:\/\/www.tpm-institute.com\/es\/wp-json\/wp\/v2\/types\/page"}],"author":[{"embeddable":true,"href":"https:\/\/www.tpm-institute.com\/es\/wp-json\/wp\/v2\/users\/2"}],"replies":[{"embeddable":true,"href":"https:\/\/www.tpm-institute.com\/es\/wp-json\/wp\/v2\/comments?post=51991"}],"version-history":[{"count":2,"href":"https:\/\/www.tpm-institute.com\/es\/wp-json\/wp\/v2\/pages\/51991\/revisions"}],"predecessor-version":[{"id":51993,"href":"https:\/\/www.tpm-institute.com\/es\/wp-json\/wp\/v2\/pages\/51991\/revisions\/51993"}],"up":[{"embeddable":true,"href":"https:\/\/www.tpm-institute.com\/es\/wp-json\/wp\/v2\/pages\/5029"}],"wp:attachment":[{"href":"https:\/\/www.tpm-institute.com\/es\/wp-json\/wp\/v2\/media?parent=51991"}],"curies":[{"name":"wp","href":"https:\/\/api.w.org\/{rel}","templated":true}]}}