{"id":51995,"date":"-0001-11-30T00:00:00","date_gmt":"2015-03-13T22:30:38","guid":{"rendered":"http:\/\/tpm-institute.com\/?page_id=51995"},"modified":"2015-03-13T18:30:38","modified_gmt":"2015-03-13T22:30:38","slug":"nuestros-clientes-home","status":"publish","type":"page","link":"https:\/\/www.tpm-institute.com\/es\/nuestros-clientes\/nuestros-clientes-home\/","title":{"rendered":"Nuestros Clientes Home"},"content":{"rendered":"<div class=\"section clearfix\">El International TPM Institute ha brindado servicios de consultor\u00eda en todo el mundo en m\u00e1s de 50 pa\u00edses desde el a\u00f1o 1990, a muchos clientes de Fortune 500 clients, y a compa\u00f1\u00edas de una variedad de industrias. Tenemos experiencia en una amplia gama de tama\u00f1os de plantas y alcances de proyectos, desde 50 a 10,000 empleados y desde varios meses a varios a\u00f1os. La planta de motores Mercedes DaimlerChrysler situada en Stuttgart fue uno de los trabajos de capacitaci\u00f3n y consultor\u00eda m\u00e1s grandes que hemos emprendido. Esta instalaci\u00f3n de TPM de seis a\u00f1os de duraci\u00f3n comenz\u00f3 en 1995 y concluy\u00f3 con la entrega del Galard\u00f3n de TPM que recibiera la planta en 2001. Sobre la base de este \u00e9xito, DaimlerChrysler incluy\u00f3 el TPM como una tarea obligatoria en su sistema de Producci\u00f3n de DC.<\/p>\n<p>Nuestros consultores multiling\u00fces trabajan constantemente con clientes de todo el mundo: EUA, Alemania, Suiza, Austria, Francia, B\u00e9lgica, Italia, Espa\u00f1a, Portugal, Gran Breta\u00f1a, Irlanda, Holanda, Polonia, Hungr\u00eda y la Rep\u00fablica Checa, y con algunas de las oficinas del extranjero de esas compa\u00f1\u00edas en Canad\u00e1, M\u00e9xico, Brasil, Argentina, Chile, Venezuela, Colombia, Guatemala, Malasia, Singapur y Taiwan.<\/p>\n<\/div>\n<div class=\"spacer\" style=\"height:5px;\"><\/div>\n<p style=\"text-align: center;\"><div class=\"section clearfix\">\n<p style=\"text-align: center;\"><span style=\"font-size:30px; display:inline-block; line-height:30px; width:30px; height:30px; color:#0EC8ED; margin:3px;\" class=\"icon-thumbs-up\"><\/span>\n<p style=\"text-align: center;\">\u00abGracias a una instalaci\u00f3n personalizada a cargo del International TPM Institute, experimentamos un incremento en la productividad del 70% sin tener que cerrar la planta\u2026\u00bb.<\/p>\n<p style=\"text-align: center;\">&#8211; KME Alemania<\/p>\n<p style=\"text-align: center;\"><a href=\"http:\/\/eepurl.com\/Pexmv\" class=\"button btn-large btn-orange\">Solicite una propuesta para TPM personalizado<\/a>\n<p style=\"text-align: center;\"><\/div>\n","protected":false},"excerpt":{"rendered":"","protected":false},"author":2,"featured_media":0,"parent":5130,"menu_order":1,"comment_status":"closed","ping_status":"open","template":"page-tour.php","meta":{"_et_pb_use_builder":"","_et_pb_old_content":"","_et_gb_content_width":""},"_links":{"self":[{"href":"https:\/\/www.tpm-institute.com\/es\/wp-json\/wp\/v2\/pages\/51995"}],"collection":[{"href":"https:\/\/www.tpm-institute.com\/es\/wp-json\/wp\/v2\/pages"}],"about":[{"href":"https:\/\/www.tpm-institute.com\/es\/wp-json\/wp\/v2\/types\/page"}],"author":[{"embeddable":true,"href":"https:\/\/www.tpm-institute.com\/es\/wp-json\/wp\/v2\/users\/2"}],"replies":[{"embeddable":true,"href":"https:\/\/www.tpm-institute.com\/es\/wp-json\/wp\/v2\/comments?post=51995"}],"version-history":[{"count":2,"href":"https:\/\/www.tpm-institute.com\/es\/wp-json\/wp\/v2\/pages\/51995\/revisions"}],"predecessor-version":[{"id":51997,"href":"https:\/\/www.tpm-institute.com\/es\/wp-json\/wp\/v2\/pages\/51995\/revisions\/51997"}],"up":[{"embeddable":true,"href":"https:\/\/www.tpm-institute.com\/es\/wp-json\/wp\/v2\/pages\/5130"}],"wp:attachment":[{"href":"https:\/\/www.tpm-institute.com\/es\/wp-json\/wp\/v2\/media?parent=51995"}],"curies":[{"name":"wp","href":"https:\/\/api.w.org\/{rel}","templated":true}]}}