{"id":5299,"date":"2014-03-24T17:54:48","date_gmt":"2014-03-24T21:54:48","guid":{"rendered":"http:\/\/tpm-institute.com\/cl-main-sp\/cl-pi\/"},"modified":"2019-11-13T18:19:50","modified_gmt":"2019-11-13T23:19:50","slug":"cl-pi","status":"publish","type":"page","link":"https:\/\/www.tpm-institute.com\/es\/nuestros-clientes\/cl-pi\/","title":{"rendered":"Industrias de Proceso, Miner\u00eda, Petr\u00f3leo, Qu\u00edmica y Farmacia"},"content":{"rendered":"<p><img loading=\"lazy\" class=\"aligncenter wp-image-61455\" src=\"https:\/\/www.tpm-institute.com\/wp-content\/uploads\/2019\/11\/Process-Industries-Client-Logos-286x300.png\" alt=\"\" width=\"500\" height=\"524\" srcset=\"https:\/\/www.tpm-institute.com\/wp-content\/uploads\/2019\/11\/Process-Industries-Client-Logos-286x300.png 286w, https:\/\/www.tpm-institute.com\/wp-content\/uploads\/2019\/11\/Process-Industries-Client-Logos-768x805.png 768w, https:\/\/www.tpm-institute.com\/wp-content\/uploads\/2019\/11\/Process-Industries-Client-Logos-976x1024.png 976w, https:\/\/www.tpm-institute.com\/wp-content\/uploads\/2019\/11\/Process-Industries-Client-Logos-1080x1133.png 1080w\" sizes=\"(max-width: 500px) 100vw, 500px\" \/><\/p>\n","protected":false},"excerpt":{"rendered":"","protected":false},"author":2,"featured_media":4851,"parent":5130,"menu_order":4,"comment_status":"closed","ping_status":"closed","template":"page-tour.php","meta":{"_et_pb_use_builder":"","_et_pb_old_content":"","_et_gb_content_width":""},"_links":{"self":[{"href":"https:\/\/www.tpm-institute.com\/es\/wp-json\/wp\/v2\/pages\/5299"}],"collection":[{"href":"https:\/\/www.tpm-institute.com\/es\/wp-json\/wp\/v2\/pages"}],"about":[{"href":"https:\/\/www.tpm-institute.com\/es\/wp-json\/wp\/v2\/types\/page"}],"author":[{"embeddable":true,"href":"https:\/\/www.tpm-institute.com\/es\/wp-json\/wp\/v2\/users\/2"}],"replies":[{"embeddable":true,"href":"https:\/\/www.tpm-institute.com\/es\/wp-json\/wp\/v2\/comments?post=5299"}],"version-history":[{"count":7,"href":"https:\/\/www.tpm-institute.com\/es\/wp-json\/wp\/v2\/pages\/5299\/revisions"}],"predecessor-version":[{"id":61493,"href":"https:\/\/www.tpm-institute.com\/es\/wp-json\/wp\/v2\/pages\/5299\/revisions\/61493"}],"up":[{"embeddable":true,"href":"https:\/\/www.tpm-institute.com\/es\/wp-json\/wp\/v2\/pages\/5130"}],"wp:featuredmedia":[{"embeddable":true,"href":"https:\/\/www.tpm-institute.com\/es\/wp-json\/wp\/v2\/media\/4851"}],"wp:attachment":[{"href":"https:\/\/www.tpm-institute.com\/es\/wp-json\/wp\/v2\/media?parent=5299"}],"curies":[{"name":"wp","href":"https:\/\/api.w.org\/{rel}","templated":true}]}}