{"id":5445,"date":"2013-12-20T17:32:28","date_gmt":"2013-12-20T22:32:28","guid":{"rendered":"http:\/\/tpm-institute.com\/?page_id=5445"},"modified":"2015-09-21T22:29:51","modified_gmt":"2015-09-22T02:29:51","slug":"el-equipo","status":"publish","type":"page","link":"https:\/\/www.tpm-institute.com\/es\/el-equipo\/","title":{"rendered":"El Equipo"},"content":{"rendered":"<p style=\"text-align: center;\"><span style=\"font-family: helvetica; font-size: small;\">El International TPM Institute, Inc. es una empresa consultora de mantenimiento dedicada a la instalaci\u00f3n de Mantenimiento Productivo Total (TPM) y a la Mejora de Mantenimiento Productivo. Fundado por el Ingeniero Edward H. Hartmann en 1990, \u00e9l fue el primero en adaptar, introducir e instalar con \u00e9xito el TPM en plantas no japonesas en E.U.A., Europa, Sudam\u00e9rica y el Sudeste Asi\u00e1tico. Nuestro enfoque del TPM ha sido testigo de una mejora del 70% en la productividad y de m\u00e1s de un 400% de crecimiento en el ROI con la lealtad de clientes como Mercedes, Conti Tire, Michelin, Kelloggs, entre muchos otros y una trayectoria sin paralelo de treinta a\u00f1os de instalaciones exitosas en toda Norteam\u00e9rica, Sudam\u00e9rica, el Sudeste Asi\u00e1tico y Europa.<\/span><\/p>\n","protected":false},"excerpt":{"rendered":"<p>El International TPM Institute, Inc&#8230;.<\/p>\n","protected":false},"author":2,"featured_media":0,"parent":0,"menu_order":0,"comment_status":"closed","ping_status":"closed","template":"page-team.php","meta":{"_et_pb_use_builder":"on","_et_pb_old_content":"","_et_gb_content_width":""},"_links":{"self":[{"href":"https:\/\/www.tpm-institute.com\/es\/wp-json\/wp\/v2\/pages\/5445"}],"collection":[{"href":"https:\/\/www.tpm-institute.com\/es\/wp-json\/wp\/v2\/pages"}],"about":[{"href":"https:\/\/www.tpm-institute.com\/es\/wp-json\/wp\/v2\/types\/page"}],"author":[{"embeddable":true,"href":"https:\/\/www.tpm-institute.com\/es\/wp-json\/wp\/v2\/users\/2"}],"replies":[{"embeddable":true,"href":"https:\/\/www.tpm-institute.com\/es\/wp-json\/wp\/v2\/comments?post=5445"}],"version-history":[{"count":1,"href":"https:\/\/www.tpm-institute.com\/es\/wp-json\/wp\/v2\/pages\/5445\/revisions"}],"predecessor-version":[{"id":5449,"href":"https:\/\/www.tpm-institute.com\/es\/wp-json\/wp\/v2\/pages\/5445\/revisions\/5449"}],"wp:attachment":[{"href":"https:\/\/www.tpm-institute.com\/es\/wp-json\/wp\/v2\/media?parent=5445"}],"curies":[{"name":"wp","href":"https:\/\/api.w.org\/{rel}","templated":true}]}}