{"id":5504,"date":"2014-02-03T23:08:13","date_gmt":"2014-02-04T04:08:13","guid":{"rendered":"http:\/\/tpm-institute.com\/?page_id=5504"},"modified":"2015-02-10T01:37:40","modified_gmt":"2015-02-10T06:37:40","slug":"nos-clients","status":"publish","type":"page","link":"https:\/\/www.tpm-institute.com\/fr\/nos-clients\/","title":{"rendered":"Nos Clients"},"content":{"rendered":"<p style=\"text-align: left;\"><span style=\"font-family: helvetica; font-size: small;\"><div class=\"section clearfix\"><\/span><\/p>\n<p style=\"text-align: justify;\"><span style=\"font-family: helvetica; font-size: small;\">L&rsquo;International TPM Institut a assur\u00e9 des formations \u00e0 travers le monde entier, dans plus de 50 pays depuis 1990 et compte de nombreux clients faisant partie du classement Fortune 500, et des entreprises dans diverses industries. Nous disposons d\u2019une exp\u00e9rience des usines de tailles tr\u00e8s diff\u00e9rentes et avec des projets plus ou moins grands &#8211; de 50 \u00e0 10,000 employ\u00e9s, et sur plusieurs mois voir plusieurs ann\u00e9es. L&rsquo;usine de moteurs Mercedes de DaimlerChrysler \u00e0 Stuttgart repr\u00e9sente l&rsquo;une des plus grandes missions de formation et de consultation que nous ayons r\u00e9alis\u00e9. Cette mise en place du TPM sur une dur\u00e9e de 6 ans a d\u00e9but\u00e9 en 1995 et s\u2019est termin\u00e9 lorsque l&rsquo;usine a re\u00e7u le Prix TPM en 2001. Au regard de ce succ\u00e8s, DaimlerChrysler a inclus le TPM comme une t\u00e2che obligatoire dans son syst\u00e8me de production DC.<\/span><\/p>\n<p style=\"text-align: justify;\"><span style=\"font-family: helvetica; font-size: small;\">Nos consultants multilingues travaillent r\u00e9guli\u00e8rement avec des clients \u00e0 travers le monde entier: Etats-Unis, Allemagne, Suisse, Autriche, France, Belgique, Italie, Espagne, Portugal, Grande-Bretagne, Irlande, Pays-Bas, Pologne, Hongrie et R\u00e9publique tch\u00e8que; et avec les bureaux \u00e0 l&rsquo;\u00e9tranger de soci\u00e9t\u00e9s au Canada, au Mexique, au Br\u00e9sil, en Argentine, au Chili, au Venezuela, en Colombie, au Guatemala, en Malaisie, \u00e0 Singapour et \u00e0 Taiwan.<\/span><\/p>\n<p style=\"text-align: center;\"><span style=\"font-family: helvetica; font-size: small;\"><\/div><\/span><div class=\"section clearfix\">\n<p style=\"text-align: center;\"><span style=\"font-size:25px; display:inline-block; line-height:25px; width:25px; height:25px; color:#0EC8ED; margin:3px;\" class=\"icon-thumbs-up\"><\/span>\n<p style=\"text-align: center;\"><span style=\"font-family: helvetica; font-size: small;\"><strong>\u201cGr\u00e2ce \u00e0 une installation personnalis\u00e9e avec l\u2019International TPM Institute, nous avons per\u00e7u une augmentation de 70% de la productivit\u00e9 et notre usine n\u2019a pas ferm\u00e9\u2026 \u201c<\/strong><em>\u00a0&#8211; KME Allemagne<\/em><\/span><\/p>\n<p style=\"text-align: center;\"><span style=\"font-family: helvetica; font-size: small;\"><a href=\"http:\/\/eepurl.com\/Pexmv\" class=\"button btn-large btn-orange\">Demander un devis pour une mise en place TPM personnalis\u00e9e<\/a><\/span><\/p>\n<p style=\"text-align: center;\"><span style=\"font-family: helvetica; font-size: small;\"><\/div><\/span><\/p>\n<p><span style=\"font-family: helvetica; font-size: small;\">\u00a0<\/span><\/p>\n","protected":false},"excerpt":{"rendered":"<p>\u00a0<\/p>\n","protected":false},"author":2,"featured_media":4840,"parent":0,"menu_order":0,"comment_status":"closed","ping_status":"closed","template":"page-tour.php","meta":{"_et_pb_use_builder":"","_et_pb_old_content":"","_et_gb_content_width":""},"_links":{"self":[{"href":"https:\/\/www.tpm-institute.com\/fr\/wp-json\/wp\/v2\/pages\/5504"}],"collection":[{"href":"https:\/\/www.tpm-institute.com\/fr\/wp-json\/wp\/v2\/pages"}],"about":[{"href":"https:\/\/www.tpm-institute.com\/fr\/wp-json\/wp\/v2\/types\/page"}],"author":[{"embeddable":true,"href":"https:\/\/www.tpm-institute.com\/fr\/wp-json\/wp\/v2\/users\/2"}],"replies":[{"embeddable":true,"href":"https:\/\/www.tpm-institute.com\/fr\/wp-json\/wp\/v2\/comments?post=5504"}],"version-history":[{"count":8,"href":"https:\/\/www.tpm-institute.com\/fr\/wp-json\/wp\/v2\/pages\/5504\/revisions"}],"predecessor-version":[{"id":37085,"href":"https:\/\/www.tpm-institute.com\/fr\/wp-json\/wp\/v2\/pages\/5504\/revisions\/37085"}],"wp:featuredmedia":[{"embeddable":true,"href":"https:\/\/www.tpm-institute.com\/fr\/wp-json\/wp\/v2\/media\/4840"}],"wp:attachment":[{"href":"https:\/\/www.tpm-institute.com\/fr\/wp-json\/wp\/v2\/media?parent=5504"}],"curies":[{"name":"wp","href":"https:\/\/api.w.org\/{rel}","templated":true}]}}