{"id":5514,"date":"2012-10-15T17:43:54","date_gmt":"2012-10-15T21:43:54","guid":{"rendered":"http:\/\/tpm-institute.com\/?page_id=5514"},"modified":"2019-12-05T18:26:32","modified_gmt":"2019-12-05T23:26:32","slug":"cl-gm-fr","status":"publish","type":"page","link":"https:\/\/www.tpm-institute.com\/fr\/nos-clients\/cl-gm-fr\/","title":{"rendered":"Fabrication G\u00e9n\u00e9rale, A\u00e9ronautique &#038; Sid\u00e9rurgie"},"content":{"rendered":"<p><img loading=\"lazy\" class=\"aligncenter wp-image-61473\" src=\"https:\/\/www.tpm-institute.com\/wp-content\/uploads\/2019\/11\/General-Manufacturing-Client-Logos-289x300.jpg\" alt=\"\" width=\"500\" height=\"519\" srcset=\"https:\/\/www.tpm-institute.com\/wp-content\/uploads\/2019\/11\/General-Manufacturing-Client-Logos-289x300.jpg 289w, https:\/\/www.tpm-institute.com\/wp-content\/uploads\/2019\/11\/General-Manufacturing-Client-Logos-768x798.jpg 768w, https:\/\/www.tpm-institute.com\/wp-content\/uploads\/2019\/11\/General-Manufacturing-Client-Logos-986x1024.jpg 986w, https:\/\/www.tpm-institute.com\/wp-content\/uploads\/2019\/11\/General-Manufacturing-Client-Logos-1080x1122.jpg 1080w\" sizes=\"(max-width: 500px) 100vw, 500px\" \/><\/p>\n","protected":false},"excerpt":{"rendered":"","protected":false},"author":2,"featured_media":5429,"parent":5504,"menu_order":9,"comment_status":"closed","ping_status":"closed","template":"page-tour.php","meta":{"_et_pb_use_builder":"","_et_pb_old_content":"","_et_gb_content_width":""},"_links":{"self":[{"href":"https:\/\/www.tpm-institute.com\/fr\/wp-json\/wp\/v2\/pages\/5514"}],"collection":[{"href":"https:\/\/www.tpm-institute.com\/fr\/wp-json\/wp\/v2\/pages"}],"about":[{"href":"https:\/\/www.tpm-institute.com\/fr\/wp-json\/wp\/v2\/types\/page"}],"author":[{"embeddable":true,"href":"https:\/\/www.tpm-institute.com\/fr\/wp-json\/wp\/v2\/users\/2"}],"replies":[{"embeddable":true,"href":"https:\/\/www.tpm-institute.com\/fr\/wp-json\/wp\/v2\/comments?post=5514"}],"version-history":[{"count":2,"href":"https:\/\/www.tpm-institute.com\/fr\/wp-json\/wp\/v2\/pages\/5514\/revisions"}],"predecessor-version":[{"id":61526,"href":"https:\/\/www.tpm-institute.com\/fr\/wp-json\/wp\/v2\/pages\/5514\/revisions\/61526"}],"up":[{"embeddable":true,"href":"https:\/\/www.tpm-institute.com\/fr\/wp-json\/wp\/v2\/pages\/5504"}],"wp:featuredmedia":[{"embeddable":true,"href":"https:\/\/www.tpm-institute.com\/fr\/wp-json\/wp\/v2\/media\/5429"}],"wp:attachment":[{"href":"https:\/\/www.tpm-institute.com\/fr\/wp-json\/wp\/v2\/media?parent=5514"}],"curies":[{"name":"wp","href":"https:\/\/api.w.org\/{rel}","templated":true}]}}