{"id":5539,"date":"2013-12-23T08:35:10","date_gmt":"2013-12-23T13:35:10","guid":{"rendered":"http:\/\/tpm-institute.com\/?page_id=5539"},"modified":"2023-04-14T23:44:52","modified_gmt":"2023-04-15T03:44:52","slug":"seminaires","status":"publish","type":"page","link":"https:\/\/www.tpm-institute.com\/fr\/seminaires\/","title":{"rendered":"S\u00e9minaires"},"content":{"rendered":"[et_pb_section admin_label=\u00a0\u00bbsection\u00a0\u00bb]\n[et_pb_row admin_label=\u00a0\u00bbrow\u00a0\u00bb]\n[et_pb_column type=\u00a0\u00bb4_4&Prime;][et_pb_text admin_label=\u00a0\u00bbText\u00a0\u00bb]\n<p style=\"text-align: justify;\"><span style=\"font-family: helvetica; font-size: small;\">Les s\u00e9minaires sur la m\u00e9thode Hartmann et les formations en interne ont \u00e9t\u00e9 suivis par plus de 12.000 professionnels au total, parmi lesquels des managers, des superviseurs, des ing\u00e9nieurs, des professionnels de l\u2019entretien et de l\u2019exploitation depuis 1990. Nos consultants multilingues ont anim\u00e9s des s\u00e9minaires TPM et PM\/PDM (maintenance pr\u00e9ventive\/pr\u00e9dictive) depuis 1988 et ont donn\u00e9 des conf\u00e9rences relatives \u00e0 la gestion et \u00e0 la maintenance TPM durant plus de 30 ans dans plus de 35 pays dans le monde, et sont sp\u00e9cialis\u00e9s dans les domaines de la maintenance et dans l\u2019am\u00e9lioration de la productivit\u00e9 depuis 1969. Inscrivez-vous avec les formulaires ou l\u2019email fournis, par fax ou appelez-nous pour plus d&rsquo;informations.<\/span><\/p>\n<div class=\"su-spacer\" style=\"height:25px\"><\/div>\n<div class=\"section clearfix\"><div class=\"info-box info-blue col-4\"><div class=\"info-box-inner\"><p>\n<p style=\"text-align: center;\"><span style=\"font-family: helvetica; color: #333333;\"><strong>Mise en \u0153uvre r\u00e9ussie de Maintenance Productive totale<\/strong><\/span><\/p>\n<\/p><\/div><\/div>\n<div class=\"col-7 last-column no-margin\"><span style=\"font-size: 10pt;\">La formation vous permettra d\u2019avoir une pr\u00e9sentation d\u00e9taill\u00e9e des possibilit\u00e9s qu\u2019offre la TPM, des strat\u00e9gies de gestion des \u00e9quipements et des pr\u00e9requis, \u00e9tapes par \u00e9tapes, de la mise en \u0153uvre du programme.<\/span><\/p>\n<p style=\"text-align: right;\"><a href=\"https:\/\/www.tpm-institute.com\/fr\/services-fr\/\" class=\"button btn-normal btn-orange\">Cliquez Ici pour Vous Inscrire<\/a><\/div> <\/div>\n<div class=\"section clearfix\"><div class=\"info-box info-blue col-4\"><div class=\"info-box-inner\"><p>\n<p style=\"text-align: center;\"><span style=\"font-family: helvetica; color: #333333;\"><strong>TPM Award &amp; Usine de l&rsquo;ann\u00e9e<br \/>\n<\/strong><\/span><\/p>\n<p style=\"text-align: center;\">\n<\/p><\/div><\/div>\n<div class=\"col-7 last-column no-margin\"><span style=\"font-family: arial, helvetica, sans-serif; font-size: 10pt;\">Postulez pour participer au concours de la meilleure usine TPM de l\u2019ann\u00e9e et voir les meilleurs conf\u00e9renciers dans une vari\u00e9t\u00e9 d\u2019industries.<br \/>\n<\/span><\/p>\n<p style=\"text-align: right;\"><a href=\"https:\/\/www.tpm-institute.com\/fr\/tpm-awards-fr\/\" class=\"button btn-normal btn-orange\">Cliquez ici pour plus d\u2019informations<\/a><\/div> <\/div>\n<p style=\"text-align: right;\">\n<p style=\"text-align: center;\"><span style=\"font-family: helvetica;\"><div class=\"section clearfix\"><div class=\"col-11 last-column no-margin\"><\/div><div class=\"info-box info-green col-12 last-column\"><div class=\"info-box-inner\"><p><\/span><span style=\"font-family: helvetica;\"><span style=\"font-size: 12pt;\">Les s\u00e9minaires en Allemagne et en Suisse seront organis\u00e9s en allemand, avec des supports de cours \u00e9galement en allemand. Les supports de cours sont g\u00e9n\u00e9ralement constitu\u00e9s d\u2019un manuel de formation complet, et d\u2019une copie papier du livre de M. Hartmann, \u00abMise en oeuvre de la TPM avec succ\u00e8s dans une usine non-japonaise \u00bb ou son \u00e9quivalent allemand, \u00ab Effiziente Instandhaltung und Maschinenmanagement. \u00bb <\/span><\/p><\/div><\/div><\/div><\/span><\/p>\n[\/et_pb_text][\/et_pb_column]\n[\/et_pb_row]\n[\/et_pb_section]\n","protected":false},"excerpt":{"rendered":"<p>[et_pb_section admin_label=\u00a0\u00bbsection\u00a0\u00bb] [et_pb_row admin_label=\u00a0\u00bbrow\u00a0\u00bb] [et_pb_column type=\u00a0\u00bb4_4&Prime;][et_pb_text admin_label=\u00a0\u00bbText\u00a0\u00bb] Les s\u00e9minaires sur la m\u00e9thode Hartmann et les formations en interne ont \u00e9t\u00e9 suivis par plus de 12.000 professionnels au total, parmi lesquels des managers, des superviseurs, des ing\u00e9nieurs, des professionnels de l\u2019entretien [&hellip;]<\/p>\n","protected":false},"author":2,"featured_media":4874,"parent":0,"menu_order":0,"comment_status":"closed","ping_status":"closed","template":"","meta":{"_et_pb_use_builder":"off","_et_pb_old_content":"<p style=\"text-align: justify;\"><span style=\"font-family: helvetica; font-size: small;\">Les s\u00e9minaires sur la m\u00e9thode Hartmann et les formations en interne ont \u00e9t\u00e9 suivis par plus de 12.000 professionnels au total, parmi lesquels des managers, des superviseurs, des ing\u00e9nieurs, des professionnels de l\u2019entretien et de l\u2019exploitation depuis 1990. Nos consultants multilingues ont anim\u00e9s des s\u00e9minaires TPM et PM\/PDM (maintenance pr\u00e9ventive\/pr\u00e9dictive) depuis 1988 et ont donn\u00e9 des conf\u00e9rences relatives \u00e0 la gestion et \u00e0 la maintenance TPM durant plus de 30 ans dans plus de 35 pays dans le monde, et sont sp\u00e9cialis\u00e9s dans les domaines de la maintenance et dans l\u2019am\u00e9lioration de la productivit\u00e9 depuis 1969. Inscrivez-vous avec les formulaires ou l\u2019email fournis, par fax ou appelez-nous pour plus d'informations.<\/span><\/p>\n[section][infobox size=\"col-4\" last_column=\"false\" closable=\"false\" color=\"blue\"]\n<p style=\"text-align: center;\"><span style=\"font-family: helvetica; color: #333333;\"><strong>Mise en \u0153uvre r\u00e9ussie de Maintenance Productive totale<\/strong><\/span><\/p>\n[\/infobox]\n\n[column size=\"col-7\" last_column=\"true\" bottom_margin=\"false\"]<span style=\"font-size: 10pt;\">La formation vous permettra d\u2019avoir une pr\u00e9sentation d\u00e9taill\u00e9e des possibilit\u00e9s qu\u2019offre la TPM, des strat\u00e9gies de gestion des \u00e9quipements et des pr\u00e9requis, \u00e9tapes par \u00e9tapes, de la mise en \u0153uvre du programme.<\/span>\n<p style=\"text-align: right;\">[button title=\"Cliquez Ici pour Vous Inscrire\" size=\"normal\" link=\"https:\/\/epd.wisc.edu\/courses\/using-tpem-to-improve-total-productive-maintenance-performance\/\" in_new_tab=\"false\" icon=\"\"][\/column] [\/section]<\/p>\n[section][infobox size=\"col-4\" last_column=\"false\" closable=\"false\" color=\"blue\"]\n<p style=\"text-align: center;\"><span style=\"font-family: helvetica; color: #333333;\"><strong>TPM Award &amp; Usine de l'ann\u00e9e\n<\/strong><\/span><\/p>\n<p style=\"text-align: center;\"><\/p>\n[\/infobox]\n\n[column size=\"col-7\" last_column=\"true\" bottom_margin=\"false\"]<span style=\"font-family: arial, helvetica, sans-serif; font-size: 10pt;\">Postulez pour participer au concours de la meilleure usine TPM de l\u2019ann\u00e9e et voir les meilleurs conf\u00e9renciers dans une vari\u00e9t\u00e9 d\u2019industries.\n<\/span>\n<p style=\"text-align: right;\">[button title=\"Cliquez ici pour plus d\u2019informations\" size=\"normal\" link=\"https:\/\/www.tpm-institute.com\/fr\/tpm-awards-fr\/\" in_new_tab=\"false\" icon=\"\"][\/column] [\/section]<\/p>\n<p style=\"text-align: right;\"><\/p>\n<p style=\"text-align: center;\"><span style=\"font-family: helvetica;\">[section][column size=\"col-11\" last_column=\"true\" bottom_margin=\"false\"][infobox size=\"col-12\" last_column=\"true\" closable=\"false\" color=\"green\"]<\/span><span style=\"font-family: helvetica;\"><span style=\"font-size: 12pt;\">Les s\u00e9minaires en Allemagne et en Suisse seront organis\u00e9s en allemand, avec des supports de cours \u00e9galement en allemand. Les supports de cours sont g\u00e9n\u00e9ralement constitu\u00e9s d\u2019un manuel de formation complet, et d\u2019une copie papier du livre de M. Hartmann, \u00abMise en oeuvre de la TPM avec succ\u00e8s dans une usine non-japonaise \u00bb ou son \u00e9quivalent allemand, \u00ab Effiziente Instandhaltung und Maschinenmanagement. \u00bb <\/span>[\/infobox][\/section]<\/span><\/p>","_et_gb_content_width":""},"_links":{"self":[{"href":"https:\/\/www.tpm-institute.com\/fr\/wp-json\/wp\/v2\/pages\/5539"}],"collection":[{"href":"https:\/\/www.tpm-institute.com\/fr\/wp-json\/wp\/v2\/pages"}],"about":[{"href":"https:\/\/www.tpm-institute.com\/fr\/wp-json\/wp\/v2\/types\/page"}],"author":[{"embeddable":true,"href":"https:\/\/www.tpm-institute.com\/fr\/wp-json\/wp\/v2\/users\/2"}],"replies":[{"embeddable":true,"href":"https:\/\/www.tpm-institute.com\/fr\/wp-json\/wp\/v2\/comments?post=5539"}],"version-history":[{"count":36,"href":"https:\/\/www.tpm-institute.com\/fr\/wp-json\/wp\/v2\/pages\/5539\/revisions"}],"predecessor-version":[{"id":62118,"href":"https:\/\/www.tpm-institute.com\/fr\/wp-json\/wp\/v2\/pages\/5539\/revisions\/62118"}],"wp:featuredmedia":[{"embeddable":true,"href":"https:\/\/www.tpm-institute.com\/fr\/wp-json\/wp\/v2\/media\/4874"}],"wp:attachment":[{"href":"https:\/\/www.tpm-institute.com\/fr\/wp-json\/wp\/v2\/media?parent=5539"}],"curies":[{"name":"wp","href":"https:\/\/api.w.org\/{rel}","templated":true}]}}