{"id":5545,"date":"2014-02-04T22:13:33","date_gmt":"2014-02-05T03:13:33","guid":{"rendered":"http:\/\/tpm-institute.com\/?page_id=5545"},"modified":"2019-04-19T22:28:37","modified_gmt":"2019-04-20T02:28:37","slug":"services-fr","status":"publish","type":"page","link":"https:\/\/www.tpm-institute.com\/fr\/services-fr\/","title":{"rendered":"Nos Services"},"content":{"rendered":"<p style=\"text-align: justify;\"><span style=\"font-family: helvetica; font-size: small;\">TPM Consulting &amp; Maintenance bas\u00e9e conseil sont les principaux services offerts par TPM Institut. Maintenance bas\u00e9e conseil met l&rsquo;accent sur l&rsquo;entretien et am\u00e9lioration de la productivit\u00e9. TPM conseil comprend un \u00e9ventail de services de formation \u00e0 la gestion, \u00e0 des s\u00e9minaires internes ou publiques, \u00e0 des v\u00e9rifications des installations personnalis\u00e9es, la certification de services, et la certification TPM AWARD aux candidats admissibles.<\/span><\/p>\n<p style=\"text-align: justify;\"><div class=\"info-box info-green last-column no-margin\"><div class=\"info-box-inner\"><p>Si vous avez des questions concernant les services de TPM, veuillez nous contacter directement.<\/p><\/div><\/div>\n","protected":false},"excerpt":{"rendered":"<p>TPM Consulting &amp; Maintenance bas\u00e9e conseil sont les principaux services offerts par TPM Institut. Maintenance bas\u00e9e conseil met l&rsquo;accent sur l&rsquo;entretien et am\u00e9lioration de la productivit\u00e9. TPM conseil comprend un \u00e9ventail de services de formation \u00e0 la gestion, \u00e0 des [&hellip;]<\/p>\n","protected":false},"author":2,"featured_media":0,"parent":0,"menu_order":0,"comment_status":"closed","ping_status":"closed","template":"","meta":{"_et_pb_use_builder":"off","_et_pb_old_content":"<p style=\"text-align: justify;\"><span style=\"font-family: helvetica; font-size: small;\">TPM Consulting &amp; Maintenance Based Consulting are the major services offered by TPM Institute. Maintenance Based Consulting focuses on maintenance &amp; productivity improvement. TPM Consulting includes an array of services from management training, in-house and open seminars, to audits, custom installations, certification of departments, and the granting of TPM AWARD certification to qualifying candidates.&nbsp;<\/span><\/p>\n<p style=\"text-align: justify;\">[infobox last_column=\"true\" bottom_margin=\"false\" closable=\"false\" color=\"green\"]If you have questions about our TPM services, please feel free to contact us directly.[\/infobox]<\/p>\n<script><br \/>\n  (function(i,s,o,g,r,a,m){i['GoogleAnalyticsObject']=r;i[r]=i[r]||function(){<br \/>\n  (i[r].q=i[r].q||[]).push(arguments)},i[r].l=1*new Date();a=s.createElement(o),<br \/>\n  m=s.getElementsByTagName(o)[0];a.async=1;a.src=g;m.parentNode.insertBefore(a,m)<br \/>\n  })(window,document,'script','\/\/www.google-analytics.com\/analytics.js','ga');<\/p>\n<p>  ga('create', 'UA-56568235-1', 'auto');<br \/>\n  ga('send', 'pageview');<\/p>\n<p><\/script>","_et_gb_content_width":""},"_links":{"self":[{"href":"https:\/\/www.tpm-institute.com\/fr\/wp-json\/wp\/v2\/pages\/5545"}],"collection":[{"href":"https:\/\/www.tpm-institute.com\/fr\/wp-json\/wp\/v2\/pages"}],"about":[{"href":"https:\/\/www.tpm-institute.com\/fr\/wp-json\/wp\/v2\/types\/page"}],"author":[{"embeddable":true,"href":"https:\/\/www.tpm-institute.com\/fr\/wp-json\/wp\/v2\/users\/2"}],"replies":[{"embeddable":true,"href":"https:\/\/www.tpm-institute.com\/fr\/wp-json\/wp\/v2\/comments?post=5545"}],"version-history":[{"count":8,"href":"https:\/\/www.tpm-institute.com\/fr\/wp-json\/wp\/v2\/pages\/5545\/revisions"}],"predecessor-version":[{"id":61156,"href":"https:\/\/www.tpm-institute.com\/fr\/wp-json\/wp\/v2\/pages\/5545\/revisions\/61156"}],"wp:attachment":[{"href":"https:\/\/www.tpm-institute.com\/fr\/wp-json\/wp\/v2\/media?parent=5545"}],"curies":[{"name":"wp","href":"https:\/\/api.w.org\/{rel}","templated":true}]}}