{"id":5554,"date":"2014-01-27T22:41:38","date_gmt":"2014-01-28T03:41:38","guid":{"rendered":"http:\/\/tpm-institute.com\/?page_id=5554"},"modified":"2015-02-17T17:11:56","modified_gmt":"2015-02-17T22:11:56","slug":"manuals-fr","status":"publish","type":"page","link":"https:\/\/www.tpm-institute.com\/fr\/seminaires\/manuals-fr\/","title":{"rendered":"Manuels de Formation pour les S\u00e9minaires &#038; les Cours du TPM"},"content":{"rendered":"<p style=\"text-align: justify;\"><span style=\"font-family: helvetica; font-size: 10pt;\">TPM Press a imprim\u00e9 et remis au moins 10 exemplaires diff\u00e9rents de manuels de formation et plus de 1.800.000 pages de documents de formation. Ces manuels sont distribu\u00e9s lors de nos formations et \u00e0 nos clients \u00e9tablis et aux participants de nos s\u00e9minaires. Ils ne sont pas disponibles \u00e0 la vente d&rsquo;une autre mani\u00e8re. Tous ces supports de cours sont indispensables \u00e0 la formation, et sont d\u00e9velopp\u00e9s, sont la propri\u00e9t\u00e9 et sont fournis par l&rsquo;Institut international TPM, Inc. Tous les supports de cours sont disponibles en anglais, et la plupart des supports de cours sont disponibles en plusieurs langues dont l&rsquo;Allemand, l&rsquo;Espagnol et le Fran\u00e7ais. En outre, certains des cours suivants se d\u00e9roulent g\u00e9n\u00e9ralement lors de s\u00e9minaires publics, tandis que d&rsquo;autres font partie d&rsquo;une formation interne ou sur mesure pour nos clients.<\/span><\/p>\n<p><span style=\"font-family: helvetica; font-size: 10pt;\">Veuillez nos contacter us pour en savoir plus sur nos cours, pour concevoir une formation adapt\u00e9e \u00e0 votre entreprise, et pour conna\u00eetre les langues avec lesquelles nous travaillons:<\/span><\/p>\n<p style=\"padding-left: 30px;\">\n<span style=\"font-family: helvetica; font-size: small;\"><b>Manuels de S\u00e9minaire TPM<\/b><\/span><br \/>\n<span style=\"font-family: helvetica; font-size: small;\"><b>Pr\u00e9sentation TPM aux Dirigeants<\/b><\/span><br \/>\n<span style=\"font-family: helvetica; font-size: small;\"><b>Formation \u00e0 l\u2019\u00e9tude de Faisabilit\u00e9 TPM<\/b><\/span><br \/>\n<span style=\"font-family: helvetica; font-size: small;\"><b>Formation TPM-5S<\/b><\/span><br \/>\n<span style=\"font-family: helvetica; font-size: small;\"><b>Cours TPM-SMED<\/b><\/span><br \/>\n<span style=\"font-family: helvetica; font-size: small;\"><b>Classe aux Instructeurs de formation TPM<\/b><\/span><br \/>\n<span style=\"font-family: helvetica; font-size: small;\"><b>S\u00e9minaire PM\/PdM<\/b><\/span><br \/>\n<span style=\"font-family: helvetica; font-size: small;\"><b>Guide de Ressources PdM<\/b><\/span><br \/>\n<span style=\"font-family: helvetica; font-size: small;\"><b>S\u00e9minaire de Gestion de la Maintenance<\/b><\/span><br \/>\n<span style=\"font-family: helvetica; font-size: small;\"><b>Formation de Planificateur\/Programmateur<\/b><\/span><\/p>\n","protected":false},"excerpt":{"rendered":"<p>TPM Press a imprim\u00e9 et remis au moins 10 exemplaires diff\u00e9rents de manuels de formation et plus de 1.800.000 pages de documents de formation. Ces manuels sont distribu\u00e9s lors de nos formations et \u00e0 nos clients \u00e9tablis et aux participants [&hellip;]<\/p>\n","protected":false},"author":2,"featured_media":0,"parent":5539,"menu_order":3,"comment_status":"closed","ping_status":"closed","template":"","meta":{"_et_pb_use_builder":"","_et_pb_old_content":"","_et_gb_content_width":""},"_links":{"self":[{"href":"https:\/\/www.tpm-institute.com\/fr\/wp-json\/wp\/v2\/pages\/5554"}],"collection":[{"href":"https:\/\/www.tpm-institute.com\/fr\/wp-json\/wp\/v2\/pages"}],"about":[{"href":"https:\/\/www.tpm-institute.com\/fr\/wp-json\/wp\/v2\/types\/page"}],"author":[{"embeddable":true,"href":"https:\/\/www.tpm-institute.com\/fr\/wp-json\/wp\/v2\/users\/2"}],"replies":[{"embeddable":true,"href":"https:\/\/www.tpm-institute.com\/fr\/wp-json\/wp\/v2\/comments?post=5554"}],"version-history":[{"count":13,"href":"https:\/\/www.tpm-institute.com\/fr\/wp-json\/wp\/v2\/pages\/5554\/revisions"}],"predecessor-version":[{"id":47092,"href":"https:\/\/www.tpm-institute.com\/fr\/wp-json\/wp\/v2\/pages\/5554\/revisions\/47092"}],"up":[{"embeddable":true,"href":"https:\/\/www.tpm-institute.com\/fr\/wp-json\/wp\/v2\/pages\/5539"}],"wp:attachment":[{"href":"https:\/\/www.tpm-institute.com\/fr\/wp-json\/wp\/v2\/media?parent=5554"}],"curies":[{"name":"wp","href":"https:\/\/api.w.org\/{rel}","templated":true}]}}