{"id":5560,"date":"2014-02-04T22:14:56","date_gmt":"2014-02-05T03:14:56","guid":{"rendered":"http:\/\/tpm-institute.com\/?page_id=5560"},"modified":"2014-04-09T08:47:37","modified_gmt":"2014-04-09T12:47:37","slug":"srvcs-maint-fr","status":"publish","type":"page","link":"https:\/\/www.tpm-institute.com\/fr\/services-fr\/srvcs-maint-fr\/","title":{"rendered":"Services\u2028 de Maintenance"},"content":{"rendered":"<address><span style=\"font-family: helvetica; font-size: small;\">S\u00e9minaires de gestion de la maintenance (public et en usine)<\/span><br \/>\n<span style=\"font-family: helvetica; font-size: small;\">Audit de maintenance (capacit\u00e9s, fonctions, productivit\u00e9)<\/span><br \/>\n<span style=\"font-family: helvetica; font-size: small;\">S\u00e9minaires PM\/PDM (public et en usine, deux jours)<\/span><br \/>\n<span style=\"font-family: helvetica; font-size: small;\">Programme de d\u00e9veloppement et de mise en oeuvre PM\/PDM<\/span><br \/>\n<span style=\"font-family: helvetica; font-size: small;\">Maintenance des Syst\u00e8mes de d\u00e9veloppement de la maintenance<\/span><br \/>\n<span style=\"font-family: helvetica; font-size: small;\">Maintenance totalement planifi\u00e9e,\u00a0<\/span><span style=\"font-family: helvetica; font-size: small;\">Programme de D\u00e9veloppent PM,\u00a0<\/span><span style=\"font-family: helvetica; font-size: small;\">PDM &amp; TPM et Aide \u00e0 la mise en oeuvre<\/span><\/address>\n<div>\n<address class=\"prestyled\">\u00a0<\/address>\n<p class=\"prestyled\"><div class=\"info-box info-green last-column no-margin\"><div class=\"info-box-inner\"><p>Veuillez nous contacter directement pour toute question que vous pourriez avoir au regard de nos services de maintenance.<\/p><\/div><\/div>\n<\/div>\n","protected":false},"excerpt":{"rendered":"<p>S\u00e9minaires de gestion de la maintenance (public et en usine) Audit de maintenance (capacit\u00e9s, fonctions, productivit\u00e9) S\u00e9minaires PM\/PDM (public et en usine, deux jours) Programme de d\u00e9veloppement et de mise en oeuvre PM\/PDM Maintenance des Syst\u00e8mes de d\u00e9veloppement de la [&hellip;]<\/p>\n","protected":false},"author":2,"featured_media":0,"parent":5545,"menu_order":3,"comment_status":"closed","ping_status":"closed","template":"page-blog.php","meta":{"_et_pb_use_builder":"","_et_pb_old_content":"","_et_gb_content_width":""},"_links":{"self":[{"href":"https:\/\/www.tpm-institute.com\/fr\/wp-json\/wp\/v2\/pages\/5560"}],"collection":[{"href":"https:\/\/www.tpm-institute.com\/fr\/wp-json\/wp\/v2\/pages"}],"about":[{"href":"https:\/\/www.tpm-institute.com\/fr\/wp-json\/wp\/v2\/types\/page"}],"author":[{"embeddable":true,"href":"https:\/\/www.tpm-institute.com\/fr\/wp-json\/wp\/v2\/users\/2"}],"replies":[{"embeddable":true,"href":"https:\/\/www.tpm-institute.com\/fr\/wp-json\/wp\/v2\/comments?post=5560"}],"version-history":[{"count":1,"href":"https:\/\/www.tpm-institute.com\/fr\/wp-json\/wp\/v2\/pages\/5560\/revisions"}],"predecessor-version":[{"id":5562,"href":"https:\/\/www.tpm-institute.com\/fr\/wp-json\/wp\/v2\/pages\/5560\/revisions\/5562"}],"up":[{"embeddable":true,"href":"https:\/\/www.tpm-institute.com\/fr\/wp-json\/wp\/v2\/pages\/5545"}],"wp:attachment":[{"href":"https:\/\/www.tpm-institute.com\/fr\/wp-json\/wp\/v2\/media?parent=5560"}],"curies":[{"name":"wp","href":"https:\/\/api.w.org\/{rel}","templated":true}]}}