{"id":5561,"date":"2014-02-05T00:01:45","date_gmt":"2014-02-05T05:01:45","guid":{"rendered":"http:\/\/tpm-institute.com\/?page_id=5561"},"modified":"2014-04-09T08:48:14","modified_gmt":"2014-04-09T12:48:14","slug":"srvs-training-fr","status":"publish","type":"page","link":"https:\/\/www.tpm-institute.com\/fr\/services-fr\/srvs-training-fr\/","title":{"rendered":"Nos Services de Formation TPM"},"content":{"rendered":"<address>\u00a0<\/address>\n<address><span style=\"font-family: helvetica; font-size: small;\">Formation \u00e0 l\u2019\u00e9tude de Faisabilit\u00e9 TPM<\/span><\/address>\n<address><span style=\"font-size: small; font-family: helvetica;\">Formation \u00e0 la direction TPM<\/span><\/address>\n<address><span style=\"font-size: small; font-family: helvetica;\">Formation PM\/PdM\u00a0<\/span><\/address>\n<address><span style=\"font-size: small; font-family: helvetica;\">Formation SMED, Formation 5S<\/span><\/address>\n<address><span style=\"line-height: 1.5em; font-family: helvetica;\">\u00a0<\/span><\/address>\n<address>\u00a0<\/address>\n<div class=\"info-box info-green last-column no-margin\"><div class=\"info-box-inner\"><p>Si vous avez des questions au sujet de notre Formation TPM (TPEM), n&rsquo;h\u00e9sitez pas \u00e0 nous contacter directement.<\/p><\/div><\/div>\n","protected":false},"excerpt":{"rendered":"<p>\u00a0 Formation \u00e0 l\u2019\u00e9tude de Faisabilit\u00e9 TPM Formation \u00e0 la direction TPM Formation PM\/PdM\u00a0 Formation SMED, Formation 5S \u00a0 \u00a0<\/p>\n","protected":false},"author":2,"featured_media":0,"parent":5545,"menu_order":4,"comment_status":"closed","ping_status":"closed","template":"","meta":{"_et_pb_use_builder":"","_et_pb_old_content":"","_et_gb_content_width":""},"_links":{"self":[{"href":"https:\/\/www.tpm-institute.com\/fr\/wp-json\/wp\/v2\/pages\/5561"}],"collection":[{"href":"https:\/\/www.tpm-institute.com\/fr\/wp-json\/wp\/v2\/pages"}],"about":[{"href":"https:\/\/www.tpm-institute.com\/fr\/wp-json\/wp\/v2\/types\/page"}],"author":[{"embeddable":true,"href":"https:\/\/www.tpm-institute.com\/fr\/wp-json\/wp\/v2\/users\/2"}],"replies":[{"embeddable":true,"href":"https:\/\/www.tpm-institute.com\/fr\/wp-json\/wp\/v2\/comments?post=5561"}],"version-history":[{"count":1,"href":"https:\/\/www.tpm-institute.com\/fr\/wp-json\/wp\/v2\/pages\/5561\/revisions"}],"predecessor-version":[{"id":5563,"href":"https:\/\/www.tpm-institute.com\/fr\/wp-json\/wp\/v2\/pages\/5561\/revisions\/5563"}],"up":[{"embeddable":true,"href":"https:\/\/www.tpm-institute.com\/fr\/wp-json\/wp\/v2\/pages\/5545"}],"wp:attachment":[{"href":"https:\/\/www.tpm-institute.com\/fr\/wp-json\/wp\/v2\/media?parent=5561"}],"curies":[{"name":"wp","href":"https:\/\/api.w.org\/{rel}","templated":true}]}}