{"id":5564,"date":"2013-09-01T22:42:52","date_gmt":"2013-09-02T02:42:52","guid":{"rendered":"http:\/\/tpm-institute.com\/?page_id=5564"},"modified":"2019-04-19T22:01:12","modified_gmt":"2019-04-20T02:01:12","slug":"tpm-press-fr","status":"publish","type":"page","link":"https:\/\/www.tpm-institute.com\/fr\/tpm-press-fr\/","title":{"rendered":"TPM Press &#8211; Fr"},"content":{"rendered":"<div class=\"section clearfix\">\n<div class=\"col-4 no-margin\">\n<p style=\"text-align: justify;\"><span style=\"font-size: small;\"><span style=\"font-family: helvetica; color: #000000;\"><strong><a href=\"https:\/\/tpm-institute.com\/wp-content\/uploads\/2013\/12\/EdwardHartmann_Founder-e1391662573249.jpg\"><img class=\"alignleft size-full\" src=\"https:\/\/tpm-institute.com\/wp-content\/uploads\/2013\/12\/EdwardHartmann_Founder-e1391662573249.jpg\" alt=\"German Bk\" \/><\/a><\/strong><\/span><\/span><\/p>\n<p style=\"text-align: justify;\"><\/div>\n<p style=\"text-align: justify;\"><div class=\"col-4 last-column\">\n<p style=\"text-align: justify;\"><span style=\"font-family: helvetica; font-size: small; color: #333333;\">Vous y trouverez des livres, des vid\u00e9os et des supports de formation en plusieurs langues pour faciliter la mise en place et le soutien continu des utilisateurs du TPM. R\u00e9dig\u00e9 dans un langage facile \u00e0 comprendre, nos supports doivent \u00eatre clairement accessibles et utiles.<\/span><\/p>\n<p style=\"text-align: justify;\"><span style=\"font-family: helvetica; font-size: small; color: #333333;\">TPM Press a actuellement imprim\u00e9 et livr\u00e9 au moins 10 types de manuels de formation diff\u00e9rents et plus de 1.800.000 pages de supports de formation. Ces manuels sont actuellement distribu\u00e9s lors de nos formations et lors de les installations de TPM chez les clients, et aux participants de nos s\u00e9minaires.\u00a0<\/span><span style=\"font-family: helvetica; font-size: 10pt;\">Bien qu&rsquo;ils ne soient pas disponibles \u00e0 la vente ici, vous trouverez une grande partie de l&rsquo;actualit\u00e9 de TPM et la base de connaissances de l&rsquo;Institut International TPM. Les \u00e9l\u00e9ments \u00e9num\u00e9r\u00e9s ci-dessous peuvent \u00eatre command\u00e9s via Paypal, permettant un paiement s\u00e9curis\u00e9 par carte de cr\u00e9dit, par EC Karte (Allemagne) et virement bancaire (*Les options peuvent varier selon les pays). Les prix sont indiqu\u00e9s en dollars am\u00e9ricains, et les frais d&rsquo;envoi approximatifs seront ajout\u00e9s lors de la finalisation de la commande.<\/span><\/p>\n<p><span style=\"font-family: helvetica; font-size: 10pt;\">Si vous souhaitez nous contacter pour toutes questions ou commentaires, commander de grandes quantit\u00e9s de livres, ou pour vous inscrire pour plus d&rsquo;informations, veuillez cliquer sur le bouton orange ci-dessous, ou nous envoyer un courriel \u00e0 info [at]TPM-Institute.com:<\/span><\/p>\n<a href=\"http:\/\/eepurl.com\/TfaDL\" class=\"button btn-normal btn-orange\">Obtenir plus d'informations<\/a>\n<p><span style=\"line-height: 1.5em;\"><\/div>\u00a0<\/span><span style=\"font-family: helvetica; line-height: 1.5em;\"><\/div><\/span><\/p>\n<p><span style=\"line-height: 1.5em; font-family: helvetica; font-size: small;\"><div class=\"separator\"><\/div><\/span><\/p>\n<p style=\"text-align: justify;\"><span style=\"font-family: helvetica; font-size: small;\"><div class=\"section clearfix\"><\/span><\/p>\n<p><span style=\"font-family: helvetica; font-size: small; color: #000000;\"><span style=\"font-size: medium;\"><strong>Acheter les Livres &amp; les Vid\u00e9os d\u2019Actualit\u00e9s TPM<\/strong><\/span>\u00a0<\/span><\/p>\n<p><span style=\"font-family: helvetica; font-size: small;\"><div class=\"col-4\"> <div class=\"spacer\" style=\"height:12px;\"><\/div> <\/span><\/p>\n<div class=\"col-4 no-margin\"><\/div>\n<p style=\"text-align: justify;\"><span style=\"font-size: small;\"><span style=\"font-family: helvetica; color: #000000;\"><strong><a href=\"https:\/\/tpm-institute.com\/wp-content\/uploads\/2014\/02\/BookImage1_InstallingTPM_Full.jpg\"><img class=\"alignleft size-full\" src=\"https:\/\/tpm-institute.com\/wp-content\/uploads\/2014\/02\/BookImage1_InstallingTPM_Full.jpg\" alt=\"German Bk\" \/><\/a><\/strong><\/span><\/span><\/p>\n<p style=\"text-align: justify;\"><\/div>\n<p style=\"text-align: justify;\"><span style=\"font-family: helvetica; font-size: small;\"><span style=\"line-height: 1.5em;\"><div class=\"col-4 last-column\"><\/span><\/span><\/p>\n<p style=\"text-align: justify;\"><span style=\"color: #333333; font-size: 10pt;\"><span style=\"font-family: helvetica;\"><span style=\"text-align: justify; line-height: 1.5em;\"><em><strong>Successfully Installing TPM in a non-Japanese Plant<\/strong><\/em>\u00a0(<em>Mise en \u0153uvre r\u00e9ussie du TPM dans les usines Non-Japonaise<\/em>)\u00a0<\/span><\/span><span style=\"font-family: helvetica;\">par Edward H. Hartmann (Anglais, 2000, Edition Papier). Un best-seller, ce fut le premier livre traitant de la TPM, \u00e9crit par un auteur non-japonais pour un public occidental. Ce livre est devenu la \u00ab\u00a0bible\u00a0\u00bb des mises en place TPM r\u00e9ussies par les \u00ab\u00a0occidentaux\u00a0\u00bb en Europe, aux \u00c9tats-Unis et Am\u00e9rique latine. Ce n\u2019est que la premi\u00e8re version, et il a conduit de nombreux lecteurs \u00e0 l&rsquo;Institut pour des Seminaires, des formations et des installations de TPM. <\/span><\/span><\/p>\n<p><span style=\"color: #333333; font-family: helvetica; font-size: 10pt;\"><strong>Anglais, reli\u00e9:<\/strong> 221<\/span><br \/>\n<span style=\"color: #333333; font-family: helvetica; font-size: 10pt;\"> <strong>Fran\u00e7ais, papier:<\/strong> n\/a<\/span><br \/>\n<span style=\"color: #333333; font-family: helvetica; font-size: 10pt;\"> <strong>Spanish, papier:<\/strong> 286 pages<\/span><br \/>\n<span style=\"color: #333333; font-family: helvetica; font-size: 10pt;\"> <strong>Editeur:<\/strong> TPM Press, Inc. (1992, 2000) <\/span><br \/>\n<span style=\"color: #333333; font-family: helvetica; font-size: 10pt;\"> <strong>Poids:<\/strong> 1.8 lbs. (env.)<\/span><br \/>\n<span style=\"color: #333333; font-family: helvetica; font-size: 10pt;\"> <strong>ISBN-10:<\/strong> 1882258002<\/span><br \/>\n<span style=\"color: #333333; font-family: helvetica; font-size: 10pt;\"> <strong>ISBN-13:<\/strong> 978-1882258000<\/span><br \/>\n<span style=\"color: #333333; font-family: helvetica; font-size: 10pt;\"> <strong>Prix:<\/strong> USD 49.99 &#8211; 59.99<\/span><\/p>\n<form action=\"https:\/\/www.paypal.com\/cgi-bin\/webscr\" method=\"post\" target=\"paypal\"><input name=\"hosted_button_id\" type=\"hidden\" value=\"JRQP8ZL8HZT5Y\" \/><div class=\"spacer\" style=\"height:7px;\"><\/div>\n<table>\n<tbody>\n<tr>\n<td><input name=\"on0\" type=\"hidden\" value=\"Selectionnez votre langue\" \/><span style=\"color: #333333;\">Selectionnez votre langue<\/span><\/td>\n<\/tr>\n<tr>\n<td><select name=\"os0\"><option value=\"Anglais, Couverture rigide\">Anglais, Couverture rigide $49.99 USD<\/option><option value=\"Espagnol, Couverture souple\">Espagnol, Couverture souple $59.99 USD<\/option><\/select><\/td>\n<\/tr>\n<\/tbody>\n<\/table>\n<p><input name=\"currency_code\" type=\"hidden\" value=\"USD\" \/><br \/>\n<input alt=\"PayPal - The safer, easier way to pay online!\" name=\"submit\" src=\"https:\/\/www.paypalobjects.com\/en_US\/i\/btn\/btn_cart_SM.gif\" type=\"image\" \/><\/p>\n<p><span style=\"font-size: 8pt; font-family: helvetica;\"><em>Les prix de livraison varient en fonction des services de destination et d&rsquo;exp\u00e9dition disponibles. Nos tarifs d&rsquo;exp\u00e9dition indiqu\u00e9s sont approximatifs et peuvent changer. Nous avons essay\u00e9 de r\u00e9pertorier les options d&rsquo;exp\u00e9dition les moins ch\u00e8res disponibles.<\/em><\/span><img loading=\"lazy\" src=\"https:\/\/www.paypalobjects.com\/en_US\/i\/scr\/pixel.gif\" alt=\"\" width=\"1\" height=\"1\" border=\"0\" \/><\/p>\n<\/form>\n<\/div>\n<\/div>\n<div class=\"separator\"><\/div>\n<div class=\"section clearfix\">\n<div class=\"col-4 no-margin\">\n<p style=\"text-align: justify;\"><span style=\"font-size: small;\"><span style=\"font-family: helvetica; color: #000000;\"><strong><a href=\"https:\/\/tpm-institute.com\/wp-content\/uploads\/2014\/01\/jjjj98-e1390410404323.jpg\"><img class=\"alignleft size-full\" src=\"https:\/\/tpm-institute.com\/wp-content\/uploads\/2014\/01\/jjjj98-e1390410404323.jpg\" alt=\"German Bk\" \/><\/a><\/strong><\/span><\/span><\/p>\n<p style=\"text-align: justify;\"><\/div>\n<div class=\"col-4 last-column no-margin\">\n<p style=\"text-align: justify;\"><span style=\"font-family: helvetica; font-size: 10pt; color: #333333;\"><strong>The TPM Video Course: <em>How to Successfully Install TPM in your Plant<\/em><\/strong><em>\u00a0<\/em>(<em>Vid\u00e9o du TPM: Comment mettre en place le TPM dans votre usine<\/em>) &#8211;\u00a0Une s\u00e9rie de vid\u00e9os en 7 parties avec un manuel (en Anglais &amp; en Espagnol). Cette formation vid\u00e9o de 11 heures, d\u00e9coup\u00e9e en 7 parties est bas\u00e9e sur les s\u00e9minaires de Ed Hartmann est livr\u00e9e avec un manuel de 200 pages. Elle est le plus souvent utilis\u00e9e lors des formations en interne et achet\u00e9 par les entreprises pour former de petits groupes d&#8217;employ\u00e9s aux diff\u00e9rentes \u00e9tapes du TPM.<\/span><\/p>\n<p><span style=\"font-family: helvetica; font-size: 10pt; color: #333333;\"><strong>ISBN #:<\/strong> 1-882258-06-1<\/span><br \/>\n<span style=\"font-family: helvetica; font-size: 10pt; color: #333333;\"> <strong>Langue: <\/strong>Anglais<strong>\u00a0<\/strong><\/span><br \/>\n<span style=\"font-family: helvetica; font-size: 10pt; color: #333333;\"> <strong>Prix: <\/strong>US$ 995.00<\/span><br \/>\n<span style=\"font-family: helvetica; font-size: 10pt; color: #333333;\"> <strong>Langue: <\/strong>Espagnol<strong>\u00a0<\/strong><\/span><br \/>\n<span style=\"font-family: helvetica; font-size: 10pt; color: #333333;\"> <strong>Prix: <\/strong>$795.00<strong>\u00a0<\/strong><\/span><\/p>\n<div class=\"spacer\" style=\"height:7px;\"><\/div>\n<form action=\"https:\/\/www.paypal.com\/cgi-bin\/webscr\" method=\"post\" target=\"paypal\">\n<table>\n<tbody>\n<tr>\n<td><input name=\"on0\" type=\"hidden\" value=\"Selectionnez votre langue\" \/><span style=\"color: #333333;\">Selectionnez votre langue<\/span><\/td>\n<\/tr>\n<tr>\n<td><select name=\"os0\"><option value=\"Videos en Anglais\">Videos en Anglais $995.00 USD<\/option><option value=\"Videos en Espagnol\">Videos en Espagnol $795.00 USD<\/option><\/select><\/td>\n<\/tr>\n<\/tbody>\n<\/table>\n<p><input name=\"currency_code\" type=\"hidden\" value=\"USD\" \/><br \/>\n<input alt=\"PayPal - The safer, easier way to pay online!\" name=\"submit\" src=\"https:\/\/www.paypalobjects.com\/en_US\/i\/btn\/btn_cart_SM.gif\" type=\"image\" \/><\/p>\n<p><span style=\"font-size: 8pt; font-family: helvetica;\"><em>Les prix de livraison varient en fonction des services de destination et d&rsquo;exp\u00e9dition disponibles. Nos tarifs d&rsquo;exp\u00e9dition indiqu\u00e9s sont approximatifs et peuvent changer. Nous avons essay\u00e9 de r\u00e9pertorier les options d&rsquo;exp\u00e9dition les moins ch\u00e8res disponibles.<\/em><\/span><img loading=\"lazy\" src=\"https:\/\/www.paypalobjects.com\/en_US\/i\/scr\/pixel.gif\" alt=\"\" width=\"1\" height=\"1\" border=\"0\" \/><\/p>\n<\/form>\n<p style=\"text-align: justify;\"><\/div><\/div>\n<div class=\"separator\"><\/div>\n<div class=\"col-4 no-margin\">\n<p style=\"text-align: justify;\"><span style=\"font-size: small;\"><span style=\"font-family: helvetica; color: #000000;\"><strong><a href=\"https:\/\/www.tpm-institute.com\/wp-content\/uploads\/2018\/08\/GermanBk_2013-e1391520109296.png\"><img class=\"alignleft size-full\" src=\"https:\/\/www.tpm-institute.com\/wp-content\/uploads\/2018\/08\/GermanBk_2013-e1391520109296.png\" alt=\"German Bk\" \/><\/a><\/strong><\/span><\/span><\/p>\n<p style=\"text-align: justify;\"><\/div>\n<p style=\"text-align: justify;\"><div class=\"col-4 last-column\">\n<p style=\"text-align: justify;\"><span style=\"font-family: helvetica; font-size: 10pt; color: #333333;\"><em><strong>TPM, Effiziente <\/strong><b>Instandhaltung\u00a0<\/b><\/em><b><em>und Maschinenmanagement<\/em>\u00a0<\/b>par Edward H. Hartmann\u00a0(2013, en allemande). La 4e \u00e9dition, et la version la plus r\u00e9cente. C&rsquo;est l&rsquo;\u00e9dition allemande du TPM classique de Mr. Hartmann, \u00abMise en \u0153uvre r\u00e9ussie du TPM dans les usines Non-Japonaise.\u00a0\u00bb Ce livre a \u00e9t\u00e9 utilis\u00e9 dans tous les s\u00e9minaires et les formations du TPM Institute en Allemagne, en Suisse et en Autriche, et est disponible en livre reli\u00e9 ou sous forme d\u2019ebook.<\/span><\/p>\n<a href=\"http:\/\/www.vahlen.de\/productview.aspx?product=12000194\" class=\"button btn-normal btn-orange\">Acheter sur Vahlen.de<\/a>\n<p style=\"text-align: justify;\"><\/div>\n<p><script><br \/>\n  (function(i,s,o,g,r,a,m){i['GoogleAnalyticsObject']=r;i[r]=i[r]||function(){<br \/>\n  (i[r].q=i[r].q||[]).push(arguments)},i[r].l=1*new Date();a=s.createElement(o),<br \/>\n  m=s.getElementsByTagName(o)[0];a.async=1;a.src=g;m.parentNode.insertBefore(a,m)<br \/>\n  })(window,document,'script','\/\/www.google-analytics.com\/analytics.js','ga');<\/p>\n<p>  ga('create', 'UA-56568235-1', 'auto');<br \/>\n  ga('send', 'pageview');<\/p>\n<p><\/script><\/p>\n","protected":false},"excerpt":{"rendered":"<p>Vous y trouverez des livres, des&#8230;<\/p>\n","protected":false},"author":2,"featured_media":0,"parent":0,"menu_order":0,"comment_status":"closed","ping_status":"closed","template":"","meta":{"_et_pb_use_builder":"on","_et_pb_old_content":"","_et_gb_content_width":""},"_links":{"self":[{"href":"https:\/\/www.tpm-institute.com\/fr\/wp-json\/wp\/v2\/pages\/5564"}],"collection":[{"href":"https:\/\/www.tpm-institute.com\/fr\/wp-json\/wp\/v2\/pages"}],"about":[{"href":"https:\/\/www.tpm-institute.com\/fr\/wp-json\/wp\/v2\/types\/page"}],"author":[{"embeddable":true,"href":"https:\/\/www.tpm-institute.com\/fr\/wp-json\/wp\/v2\/users\/2"}],"replies":[{"embeddable":true,"href":"https:\/\/www.tpm-institute.com\/fr\/wp-json\/wp\/v2\/comments?post=5564"}],"version-history":[{"count":42,"href":"https:\/\/www.tpm-institute.com\/fr\/wp-json\/wp\/v2\/pages\/5564\/revisions"}],"predecessor-version":[{"id":61148,"href":"https:\/\/www.tpm-institute.com\/fr\/wp-json\/wp\/v2\/pages\/5564\/revisions\/61148"}],"wp:attachment":[{"href":"https:\/\/www.tpm-institute.com\/fr\/wp-json\/wp\/v2\/media?parent=5564"}],"curies":[{"name":"wp","href":"https:\/\/api.w.org\/{rel}","templated":true}]}}